{"id":11770,"date":"2020-12-23T14:35:27","date_gmt":"2020-12-23T13:35:27","guid":{"rendered":"https:\/\/www.trimlinefires.com\/centrum-wiedzy\/"},"modified":"2020-12-23T14:35:27","modified_gmt":"2020-12-23T13:35:27","slug":"centrum-wiedzy","status":"publish","type":"page","link":"https:\/\/www.trimlinefires.com\/pl\/centrum-wiedzy\/","title":{"rendered":"Centrum wiedzy"},"content":{"rendered":"[vc_row type=&#8221;full_width_background&#8221; full_screen_row_position=&#8221;middle&#8221; bg_image=&#8221;700&#8243; bg_position=&#8221;center center&#8221; bg_repeat=&#8221;no-repeat&#8221; scene_position=&#8221;center&#8221; text_color=&#8221;light&#8221; text_align=&#8221;left&#8221; top_padding=&#8221;12%&#8221; bottom_padding=&#8221;12%&#8221; color_overlay=&#8221;#000000&#8243; overlay_strength=&#8221;0.5&#8243; shape_divider_position=&#8221;bottom&#8221; shape_type=&#8221;&#8221;][vc_column column_padding=&#8221;no-extra-padding&#8221; column_padding_position=&#8221;all&#8221; background_color_opacity=&#8221;1&#8243; background_hover_color_opacity=&#8221;1&#8243; column_link_target=&#8221;_self&#8221; column_shadow=&#8221;none&#8221; column_border_radius=&#8221;none&#8221; width=&#8221;1\/1&#8243; tablet_width_inherit=&#8221;default&#8221; tablet_text_alignment=&#8221;default&#8221; phone_text_alignment=&#8221;default&#8221; column_border_width=&#8221;none&#8221; column_border_style=&#8221;solid&#8221;][vc_row_inner column_margin=&#8221;default&#8221; text_align=&#8221;left&#8221;][vc_column_inner column_padding=&#8221;no-extra-padding&#8221; column_padding_position=&#8221;all&#8221; background_color_opacity=&#8221;1&#8243; background_hover_color_opacity=&#8221;1&#8243; column_shadow=&#8221;none&#8221; column_border_radius=&#8221;none&#8221; column_link_target=&#8221;_self&#8221; width=&#8221;3\/5&#8243; tablet_width_inherit=&#8221;default&#8221; column_border_width=&#8221;none&#8221; column_border_style=&#8221;solid&#8221;][vc_custom_heading text=&#8221;Centrum wiedzy&#8221; font_container=&#8221;tag:h1|text_align:left&#8221; use_theme_fonts=&#8221;yes&#8221; css=&#8221;.vc_custom_1556804598591{margin-bottom: 35px !important;}&#8221;][vc_column_text]W naszym centrum wiedzy regularnie zamieszczamy aktualne informacje na temat wa\u017cnych wydarze\u0144 w dziedzinie komink\u00f3w gazowych i podgrzewaczy gazowych. Je\u015bli tak jak my chcesz i\u015b\u0107 do przodu pod wzgl\u0119dem technologii i wiedzy, pami\u0119taj, aby co jaki\u015b czas odwiedza\u0107 nasze centrum wiedzy.[\/vc_column_text][\/vc_column_inner][vc_column_inner column_padding=&#8221;no-extra-padding&#8221; column_padding_position=&#8221;all&#8221; background_color_opacity=&#8221;1&#8243; background_hover_color_opacity=&#8221;1&#8243; column_shadow=&#8221;none&#8221; column_border_radius=&#8221;none&#8221; column_link_target=&#8221;_self&#8221; width=&#8221;2\/5&#8243; tablet_width_inherit=&#8221;default&#8221; column_border_width=&#8221;none&#8221; column_border_style=&#8221;solid&#8221;][\/vc_column_inner][\/vc_row_inner][\/vc_column][\/vc_row][vc_row type=&#8221;full_width_background&#8221; full_screen_row_position=&#8221;middle&#8221; bg_color=&#8221;#222222&#8243; scene_position=&#8221;center&#8221; text_color=&#8221;light&#8221; text_align=&#8221;left&#8221; top_padding=&#8221;7%&#8221; bottom_padding=&#8221;7%&#8221; overlay_strength=&#8221;0.8&#8243; shape_divider_position=&#8221;bottom&#8221; shape_type=&#8221;&#8221;][vc_column column_padding=&#8221;no-extra-padding&#8221; column_padding_position=&#8221;all&#8221; background_color_opacity=&#8221;1&#8243; background_hover_color_opacity=&#8221;1&#8243; column_link_target=&#8221;_self&#8221; column_shadow=&#8221;none&#8221; column_border_radius=&#8221;none&#8221; width=&#8221;1\/1&#8243; tablet_width_inherit=&#8221;default&#8221; tablet_text_alignment=&#8221;default&#8221; phone_text_alignment=&#8221;default&#8221; column_border_width=&#8221;none&#8221; column_border_style=&#8221;solid&#8221;][recent_posts style=&#8221;classic_enhanced&#8221; color_scheme=&#8221;dark&#8221; category=&#8221;all&#8221; columns=&#8221;3&#8243; order=&#8221;DESC&#8221; orderby=&#8221;date&#8221;][\/vc_column][\/vc_row]\n","protected":false},"excerpt":{"rendered":"<p>[vc_row type=&#8221;full_width_background&#8221; full_screen_row_position=&#8221;middle&#8221; bg_image=&#8221;700&#8243; bg_position=&#8221;center center&#8221; bg_repeat=&#8221;no-repeat&#8221; scene_position=&#8221;center&#8221; text_color=&#8221;light&#8221; text_align=&#8221;left&#8221; top_padding=&#8221;12%&#8221; bottom_padding=&#8221;12%&#8221; color_overlay=&#8221;#000000&#8243; overlay_strength=&#8221;0.5&#8243; shape_divider_position=&#8221;bottom&#8221; shape_type=&#8221;&#8221;][vc_column column_padding=&#8221;no-extra-padding&#8221; column_padding_position=&#8221;all&#8221; background_color_opacity=&#8221;1&#8243; background_hover_color_opacity=&#8221;1&#8243; column_link_target=&#8221;_self&#8221; column_shadow=&#8221;none&#8221; column_border_radius=&#8221;none&#8221; width=&#8221;1\/1&#8243; tablet_width_inherit=&#8221;default&#8221; tablet_text_alignment=&#8221;default&#8221; phone_text_alignment=&#8221;default&#8221; column_border_width=&#8221;none&#8221; column_border_style=&#8221;solid&#8221;][vc_row_inner column_margin=&#8221;default&#8221;&#8230;<\/p>\n","protected":false},"author":1,"featured_media":0,"parent":0,"menu_order":610,"comment_status":"closed","ping_status":"closed","template":"","meta":{"inline_featured_image":false,"footnotes":""},"class_list":["post-11770","page","type-page","status-publish"],"yoast_head":"<!-- This site is optimized with the Yoast SEO plugin v27.0 - https:\/\/yoast.com\/product\/yoast-seo-wordpress\/ -->\n<title>Centrum wiedzy. Dowiedz si\u0119 wszystkiego, co trzeba wiedzie\u0107. | Trimline Fires<\/title>\n<meta name=\"description\" content=\"Nasze centrum wiedzy posiada wszystkie informacje, kt\u00f3rych potrzebujesz lub mo\u017cesz chcie\u0107 si\u0119 dowiedzie\u0107. Przekonaj si\u0119 sam i odkryj to \u017ar\u00f3d\u0142o wiedzy. Odwied\u017a nasz\u0105 stron\u0119 internetow\u0105.\" \/>\n<meta name=\"robots\" content=\"index, follow, max-snippet:-1, max-image-preview:large, max-video-preview:-1\" \/>\n<link rel=\"canonical\" href=\"https:\/\/www.trimlinefires.com\/pl\/centrum-wiedzy\/\" \/>\n<meta property=\"og:locale\" content=\"pl_PL\" \/>\n<meta property=\"og:type\" content=\"article\" \/>\n<meta property=\"og:title\" content=\"Centrum wiedzy. Dowiedz si\u0119 wszystkiego, co trzeba wiedzie\u0107. | Trimline Fires\" \/>\n<meta property=\"og:description\" content=\"Nasze centrum wiedzy posiada wszystkie informacje, kt\u00f3rych potrzebujesz lub mo\u017cesz chcie\u0107 si\u0119 dowiedzie\u0107. Przekonaj si\u0119 sam i odkryj to \u017ar\u00f3d\u0142o wiedzy. Odwied\u017a nasz\u0105 stron\u0119 internetow\u0105.\" \/>\n<meta property=\"og:url\" content=\"https:\/\/www.trimlinefires.com\/pl\/centrum-wiedzy\/\" \/>\n<meta property=\"og:site_name\" content=\"Trimline Fires\" \/>\n<meta name=\"twitter:card\" content=\"summary_large_image\" \/>\n<meta name=\"twitter:label1\" content=\"Est. reading time\" \/>\n\t<meta name=\"twitter:data1\" content=\"2 minutes\" \/>\n<script type=\"application\/ld+json\" class=\"yoast-schema-graph\">{\"@context\":\"https:\/\/schema.org\",\"@graph\":[{\"@type\":\"WebPage\",\"@id\":\"https:\/\/www.trimlinefires.com\/pl\/centrum-wiedzy\/\",\"url\":\"https:\/\/www.trimlinefires.com\/pl\/centrum-wiedzy\/\",\"name\":\"Centrum wiedzy. Dowiedz si\u0119 wszystkiego, co trzeba wiedzie\u0107. | Trimline Fires\",\"isPartOf\":{\"@id\":\"https:\/\/www.trimlinefires.com\/pl\/#website\"},\"datePublished\":\"2020-12-23T13:35:27+00:00\",\"description\":\"Nasze centrum wiedzy posiada wszystkie informacje, kt\u00f3rych potrzebujesz lub mo\u017cesz chcie\u0107 si\u0119 dowiedzie\u0107. Przekonaj si\u0119 sam i odkryj to \u017ar\u00f3d\u0142o wiedzy. Odwied\u017a nasz\u0105 stron\u0119 internetow\u0105.\",\"breadcrumb\":{\"@id\":\"https:\/\/www.trimlinefires.com\/pl\/centrum-wiedzy\/#breadcrumb\"},\"inLanguage\":\"pl-PL\",\"potentialAction\":[{\"@type\":\"ReadAction\",\"target\":[\"https:\/\/www.trimlinefires.com\/pl\/centrum-wiedzy\/\"]}]},{\"@type\":\"BreadcrumbList\",\"@id\":\"https:\/\/www.trimlinefires.com\/pl\/centrum-wiedzy\/#breadcrumb\",\"itemListElement\":[{\"@type\":\"ListItem\",\"position\":1,\"name\":\"Home\",\"item\":\"https:\/\/www.trimlinefires.com\/pl\/\"},{\"@type\":\"ListItem\",\"position\":2,\"name\":\"Centrum wiedzy\"}]},{\"@type\":\"WebSite\",\"@id\":\"https:\/\/www.trimlinefires.com\/pl\/#website\",\"url\":\"https:\/\/www.trimlinefires.com\/pl\/\",\"name\":\"Trimline Fires\",\"description\":\"Fire by Trimline\",\"publisher\":{\"@id\":\"https:\/\/www.trimlinefires.com\/pl\/#organization\"},\"potentialAction\":[{\"@type\":\"SearchAction\",\"target\":{\"@type\":\"EntryPoint\",\"urlTemplate\":\"https:\/\/www.trimlinefires.com\/pl\/?s={search_term_string}\"},\"query-input\":{\"@type\":\"PropertyValueSpecification\",\"valueRequired\":true,\"valueName\":\"search_term_string\"}}],\"inLanguage\":\"pl-PL\"},{\"@type\":\"Organization\",\"@id\":\"https:\/\/www.trimlinefires.com\/pl\/#organization\",\"name\":\"Trimline Fires\",\"url\":\"https:\/\/www.trimlinefires.com\/pl\/\",\"logo\":{\"@type\":\"ImageObject\",\"inLanguage\":\"pl-PL\",\"@id\":\"https:\/\/www.trimlinefires.com\/pl\/#\/schema\/logo\/image\/\",\"url\":\"https:\/\/www.trimlinefires.com\/app\/uploads\/2020\/01\/trimline-logo-black.png\",\"contentUrl\":\"https:\/\/www.trimlinefires.com\/app\/uploads\/2020\/01\/trimline-logo-black.png\",\"width\":200,\"height\":108,\"caption\":\"Trimline Fires\"},\"image\":{\"@id\":\"https:\/\/www.trimlinefires.com\/pl\/#\/schema\/logo\/image\/\"}}]}<\/script>\n<!-- \/ Yoast SEO plugin. -->","yoast_head_json":{"title":"Centrum wiedzy. Dowiedz si\u0119 wszystkiego, co trzeba wiedzie\u0107. | Trimline Fires","description":"Nasze centrum wiedzy posiada wszystkie informacje, kt\u00f3rych potrzebujesz lub mo\u017cesz chcie\u0107 si\u0119 dowiedzie\u0107. Przekonaj si\u0119 sam i odkryj to \u017ar\u00f3d\u0142o wiedzy. Odwied\u017a nasz\u0105 stron\u0119 internetow\u0105.","robots":{"index":"index","follow":"follow","max-snippet":"max-snippet:-1","max-image-preview":"max-image-preview:large","max-video-preview":"max-video-preview:-1"},"canonical":"https:\/\/www.trimlinefires.com\/pl\/centrum-wiedzy\/","og_locale":"pl_PL","og_type":"article","og_title":"Centrum wiedzy. Dowiedz si\u0119 wszystkiego, co trzeba wiedzie\u0107. | Trimline Fires","og_description":"Nasze centrum wiedzy posiada wszystkie informacje, kt\u00f3rych potrzebujesz lub mo\u017cesz chcie\u0107 si\u0119 dowiedzie\u0107. Przekonaj si\u0119 sam i odkryj to \u017ar\u00f3d\u0142o wiedzy. Odwied\u017a nasz\u0105 stron\u0119 internetow\u0105.","og_url":"https:\/\/www.trimlinefires.com\/pl\/centrum-wiedzy\/","og_site_name":"Trimline Fires","twitter_card":"summary_large_image","twitter_misc":{"Est. reading time":"2 minutes"},"schema":{"@context":"https:\/\/schema.org","@graph":[{"@type":"WebPage","@id":"https:\/\/www.trimlinefires.com\/pl\/centrum-wiedzy\/","url":"https:\/\/www.trimlinefires.com\/pl\/centrum-wiedzy\/","name":"Centrum wiedzy. Dowiedz si\u0119 wszystkiego, co trzeba wiedzie\u0107. | Trimline Fires","isPartOf":{"@id":"https:\/\/www.trimlinefires.com\/pl\/#website"},"datePublished":"2020-12-23T13:35:27+00:00","description":"Nasze centrum wiedzy posiada wszystkie informacje, kt\u00f3rych potrzebujesz lub mo\u017cesz chcie\u0107 si\u0119 dowiedzie\u0107. Przekonaj si\u0119 sam i odkryj to \u017ar\u00f3d\u0142o wiedzy. Odwied\u017a nasz\u0105 stron\u0119 internetow\u0105.","breadcrumb":{"@id":"https:\/\/www.trimlinefires.com\/pl\/centrum-wiedzy\/#breadcrumb"},"inLanguage":"pl-PL","potentialAction":[{"@type":"ReadAction","target":["https:\/\/www.trimlinefires.com\/pl\/centrum-wiedzy\/"]}]},{"@type":"BreadcrumbList","@id":"https:\/\/www.trimlinefires.com\/pl\/centrum-wiedzy\/#breadcrumb","itemListElement":[{"@type":"ListItem","position":1,"name":"Home","item":"https:\/\/www.trimlinefires.com\/pl\/"},{"@type":"ListItem","position":2,"name":"Centrum wiedzy"}]},{"@type":"WebSite","@id":"https:\/\/www.trimlinefires.com\/pl\/#website","url":"https:\/\/www.trimlinefires.com\/pl\/","name":"Trimline Fires","description":"Fire by Trimline","publisher":{"@id":"https:\/\/www.trimlinefires.com\/pl\/#organization"},"potentialAction":[{"@type":"SearchAction","target":{"@type":"EntryPoint","urlTemplate":"https:\/\/www.trimlinefires.com\/pl\/?s={search_term_string}"},"query-input":{"@type":"PropertyValueSpecification","valueRequired":true,"valueName":"search_term_string"}}],"inLanguage":"pl-PL"},{"@type":"Organization","@id":"https:\/\/www.trimlinefires.com\/pl\/#organization","name":"Trimline Fires","url":"https:\/\/www.trimlinefires.com\/pl\/","logo":{"@type":"ImageObject","inLanguage":"pl-PL","@id":"https:\/\/www.trimlinefires.com\/pl\/#\/schema\/logo\/image\/","url":"https:\/\/www.trimlinefires.com\/app\/uploads\/2020\/01\/trimline-logo-black.png","contentUrl":"https:\/\/www.trimlinefires.com\/app\/uploads\/2020\/01\/trimline-logo-black.png","width":200,"height":108,"caption":"Trimline Fires"},"image":{"@id":"https:\/\/www.trimlinefires.com\/pl\/#\/schema\/logo\/image\/"}}]}},"_links":{"self":[{"href":"https:\/\/www.trimlinefires.com\/pl\/wp-json\/wp\/v2\/pages\/11770","targetHints":{"allow":["GET"]}}],"collection":[{"href":"https:\/\/www.trimlinefires.com\/pl\/wp-json\/wp\/v2\/pages"}],"about":[{"href":"https:\/\/www.trimlinefires.com\/pl\/wp-json\/wp\/v2\/types\/page"}],"author":[{"embeddable":true,"href":"https:\/\/www.trimlinefires.com\/pl\/wp-json\/wp\/v2\/users\/1"}],"replies":[{"embeddable":true,"href":"https:\/\/www.trimlinefires.com\/pl\/wp-json\/wp\/v2\/comments?post=11770"}],"version-history":[{"count":0,"href":"https:\/\/www.trimlinefires.com\/pl\/wp-json\/wp\/v2\/pages\/11770\/revisions"}],"wp:attachment":[{"href":"https:\/\/www.trimlinefires.com\/pl\/wp-json\/wp\/v2\/media?parent=11770"}],"curies":[{"name":"wp","href":"https:\/\/api.w.org\/{rel}","templated":true}]}}