{"id":6842,"date":"2020-01-20T14:25:55","date_gmt":"2020-01-20T13:25:55","guid":{"rendered":"https:\/\/www.trimlinefires.com\/kunnskapssenter\/"},"modified":"2020-01-20T14:25:55","modified_gmt":"2020-01-20T13:25:55","slug":"kunnskapssenter","status":"publish","type":"page","link":"https:\/\/www.trimlinefires.com\/no\/kunnskapssenter\/","title":{"rendered":"Kunnskapssenter"},"content":{"rendered":"[vc_row type=&raquo;full_width_background&raquo; full_screen_row_position=&raquo;middle&raquo; bg_image=&raquo;700&#8243; bg_position=&raquo;center center&raquo; bg_repeat=&raquo;no-repeat&raquo; scene_position=&raquo;center&raquo; text_color=&raquo;light&raquo; text_align=&raquo;left&raquo; top_padding=&raquo;12%&raquo; bottom_padding=&raquo;12%&raquo; color_overlay=&raquo;#000000&#8243; overlay_strength=&raquo;0.5&#8243; shape_divider_position=&raquo;bottom&raquo; shape_type=&raquo;&raquo;][vc_column column_padding=&raquo;no-extra-padding&raquo; column_padding_position=&raquo;all&raquo; background_color_opacity=&raquo;1&#8243; background_hover_color_opacity=&raquo;1&#8243; column_link_target=&raquo;_self&raquo; column_shadow=&raquo;none&raquo; column_border_radius=&raquo;none&raquo; width=&raquo;1\/1&#8243; tablet_width_inherit=&raquo;default&raquo; tablet_text_alignment=&raquo;default&raquo; phone_text_alignment=&raquo;default&raquo; column_border_width=&raquo;none&raquo; column_border_style=&raquo;solid&raquo;][vc_row_inner column_margin=&raquo;default&raquo; text_align=&raquo;left&raquo;][vc_column_inner column_padding=&raquo;no-extra-padding&raquo; column_padding_position=&raquo;all&raquo; background_color_opacity=&raquo;1&#8243; background_hover_color_opacity=&raquo;1&#8243; column_shadow=&raquo;none&raquo; column_border_radius=&raquo;none&raquo; column_link_target=&raquo;_self&raquo; width=&raquo;3\/5&#8243; tablet_width_inherit=&raquo;default&raquo; column_border_width=&raquo;none&raquo; column_border_style=&raquo;solid&raquo;][vc_custom_heading text=&raquo;Kunnskapssenter&raquo; font_container=&raquo;tag:h1|text_align:left&raquo; use_theme_fonts=&raquo;yes&raquo; css=&raquo;.vc_custom_1556804598591{margin-bottom: 35px !important;}&raquo;][vc_column_text]Vi publiserer regelmessige oppdateringer om viktig utvikling innen gasspeiser og gassvarmere i kunnskapssenteret v\u00e5rt. Hvis du vil v\u00e6re oppdatert p\u00e5 teknologi og kunnskap, slik som oss, er det bare \u00e5 ta en tur innom kunnskapssenteret av og til.[\/vc_column_text][\/vc_column_inner][vc_column_inner column_padding=&raquo;no-extra-padding&raquo; column_padding_position=&raquo;all&raquo; background_color_opacity=&raquo;1&#8243; background_hover_color_opacity=&raquo;1&#8243; column_shadow=&raquo;none&raquo; column_border_radius=&raquo;none&raquo; column_link_target=&raquo;_self&raquo; width=&raquo;2\/5&#8243; tablet_width_inherit=&raquo;default&raquo; column_border_width=&raquo;none&raquo; column_border_style=&raquo;solid&raquo;][\/vc_column_inner][\/vc_row_inner][\/vc_column][\/vc_row][vc_row type=&raquo;full_width_background&raquo; full_screen_row_position=&raquo;middle&raquo; bg_color=&raquo;#222222&#8243; scene_position=&raquo;center&raquo; text_color=&raquo;light&raquo; text_align=&raquo;left&raquo; top_padding=&raquo;7%&raquo; bottom_padding=&raquo;7%&raquo; overlay_strength=&raquo;0.8&#8243; shape_divider_position=&raquo;bottom&raquo; shape_type=&raquo;&raquo;][vc_column column_padding=&raquo;no-extra-padding&raquo; column_padding_position=&raquo;all&raquo; background_color_opacity=&raquo;1&#8243; background_hover_color_opacity=&raquo;1&#8243; column_link_target=&raquo;_self&raquo; column_shadow=&raquo;none&raquo; column_border_radius=&raquo;none&raquo; width=&raquo;1\/1&#8243; tablet_width_inherit=&raquo;default&raquo; tablet_text_alignment=&raquo;default&raquo; phone_text_alignment=&raquo;default&raquo; column_border_width=&raquo;none&raquo; column_border_style=&raquo;solid&raquo;][recent_posts style=&raquo;classic_enhanced&raquo; color_scheme=&raquo;dark&raquo; category=&raquo;all&raquo; columns=&raquo;3&#8243; order=&raquo;DESC&raquo; orderby=&raquo;date&raquo;][\/vc_column][\/vc_row]\n","protected":false},"excerpt":{"rendered":"<p>[vc_row type=&raquo;full_width_background&raquo; full_screen_row_position=&raquo;middle&raquo; bg_image=&raquo;700&#8243; bg_position=&raquo;center center&raquo; bg_repeat=&raquo;no-repeat&raquo; scene_position=&raquo;center&raquo; text_color=&raquo;light&raquo; text_align=&raquo;left&raquo; top_padding=&raquo;12%&raquo; bottom_padding=&raquo;12%&raquo; color_overlay=&raquo;#000000&#8243; overlay_strength=&raquo;0.5&#8243; shape_divider_position=&raquo;bottom&raquo; shape_type=&raquo;&raquo;][vc_column column_padding=&raquo;no-extra-padding&raquo; column_padding_position=&raquo;all&raquo; background_color_opacity=&raquo;1&#8243; background_hover_color_opacity=&raquo;1&#8243; column_link_target=&raquo;_self&raquo; column_shadow=&raquo;none&raquo; column_border_radius=&raquo;none&raquo; width=&raquo;1\/1&#8243; tablet_width_inherit=&raquo;default&raquo; tablet_text_alignment=&raquo;default&raquo; phone_text_alignment=&raquo;default&raquo; column_border_width=&raquo;none&raquo; column_border_style=&raquo;solid&raquo;][vc_row_inner column_margin=&raquo;default&raquo;&#8230;<\/p>\n","protected":false},"author":1,"featured_media":0,"parent":0,"menu_order":610,"comment_status":"closed","ping_status":"closed","template":"","meta":{"inline_featured_image":false,"footnotes":""},"class_list":["post-6842","page","type-page","status-publish"],"yoast_head":"<!-- This site is optimized with the Yoast SEO plugin v27.0 - https:\/\/yoast.com\/product\/yoast-seo-wordpress\/ -->\n<title>Kunnskapssenter. Her finner du alt du trenger \u00e5 vite | Trimline Fires<\/title>\n<meta name=\"description\" content=\"Kunnskapssenteret v\u00e5rt har all informasjon du trenger eller \u00f8nsker \u00e5 vite. Ta en titt p\u00e5 informasjonen selv. Bes\u00f8k nettstedet v\u00e5rt.\" \/>\n<meta name=\"robots\" content=\"index, follow, max-snippet:-1, max-image-preview:large, max-video-preview:-1\" \/>\n<link rel=\"canonical\" href=\"https:\/\/www.trimlinefires.com\/no\/kunnskapssenter\/\" \/>\n<meta property=\"og:locale\" content=\"nb_NO\" \/>\n<meta property=\"og:type\" content=\"article\" \/>\n<meta property=\"og:title\" content=\"Kunnskapssenter. Her finner du alt du trenger \u00e5 vite | Trimline Fires\" \/>\n<meta property=\"og:description\" content=\"Kunnskapssenteret v\u00e5rt har all informasjon du trenger eller \u00f8nsker \u00e5 vite. Ta en titt p\u00e5 informasjonen selv. Bes\u00f8k nettstedet v\u00e5rt.\" \/>\n<meta property=\"og:url\" content=\"https:\/\/www.trimlinefires.com\/no\/kunnskapssenter\/\" \/>\n<meta property=\"og:site_name\" content=\"Trimline Fires\" \/>\n<meta name=\"twitter:card\" content=\"summary_large_image\" \/>\n<meta name=\"twitter:label1\" content=\"Est. reading time\" \/>\n\t<meta name=\"twitter:data1\" content=\"2 minutter\" \/>\n<script type=\"application\/ld+json\" class=\"yoast-schema-graph\">{\"@context\":\"https:\/\/schema.org\",\"@graph\":[{\"@type\":\"WebPage\",\"@id\":\"https:\/\/www.trimlinefires.com\/no\/kunnskapssenter\/\",\"url\":\"https:\/\/www.trimlinefires.com\/no\/kunnskapssenter\/\",\"name\":\"Kunnskapssenter. Her finner du alt du trenger \u00e5 vite | Trimline Fires\",\"isPartOf\":{\"@id\":\"https:\/\/www.trimlinefires.com\/no\/#website\"},\"datePublished\":\"2020-01-20T13:25:55+00:00\",\"description\":\"Kunnskapssenteret v\u00e5rt har all informasjon du trenger eller \u00f8nsker \u00e5 vite. Ta en titt p\u00e5 informasjonen selv. Bes\u00f8k nettstedet v\u00e5rt.\",\"breadcrumb\":{\"@id\":\"https:\/\/www.trimlinefires.com\/no\/kunnskapssenter\/#breadcrumb\"},\"inLanguage\":\"nb-NO\",\"potentialAction\":[{\"@type\":\"ReadAction\",\"target\":[\"https:\/\/www.trimlinefires.com\/no\/kunnskapssenter\/\"]}]},{\"@type\":\"BreadcrumbList\",\"@id\":\"https:\/\/www.trimlinefires.com\/no\/kunnskapssenter\/#breadcrumb\",\"itemListElement\":[{\"@type\":\"ListItem\",\"position\":1,\"name\":\"Home\",\"item\":\"https:\/\/www.trimlinefires.com\/no\/\"},{\"@type\":\"ListItem\",\"position\":2,\"name\":\"Kunnskapssenter\"}]},{\"@type\":\"WebSite\",\"@id\":\"https:\/\/www.trimlinefires.com\/no\/#website\",\"url\":\"https:\/\/www.trimlinefires.com\/no\/\",\"name\":\"Trimline Fires\",\"description\":\"Fire by Trimline\",\"publisher\":{\"@id\":\"https:\/\/www.trimlinefires.com\/no\/#organization\"},\"potentialAction\":[{\"@type\":\"SearchAction\",\"target\":{\"@type\":\"EntryPoint\",\"urlTemplate\":\"https:\/\/www.trimlinefires.com\/no\/?s={search_term_string}\"},\"query-input\":{\"@type\":\"PropertyValueSpecification\",\"valueRequired\":true,\"valueName\":\"search_term_string\"}}],\"inLanguage\":\"nb-NO\"},{\"@type\":\"Organization\",\"@id\":\"https:\/\/www.trimlinefires.com\/no\/#organization\",\"name\":\"Trimline Fires\",\"url\":\"https:\/\/www.trimlinefires.com\/no\/\",\"logo\":{\"@type\":\"ImageObject\",\"inLanguage\":\"nb-NO\",\"@id\":\"https:\/\/www.trimlinefires.com\/no\/#\/schema\/logo\/image\/\",\"url\":\"https:\/\/www.trimlinefires.com\/app\/uploads\/2020\/01\/trimline-logo-black.png\",\"contentUrl\":\"https:\/\/www.trimlinefires.com\/app\/uploads\/2020\/01\/trimline-logo-black.png\",\"width\":200,\"height\":108,\"caption\":\"Trimline Fires\"},\"image\":{\"@id\":\"https:\/\/www.trimlinefires.com\/no\/#\/schema\/logo\/image\/\"}}]}<\/script>\n<!-- \/ Yoast SEO plugin. -->","yoast_head_json":{"title":"Kunnskapssenter. Her finner du alt du trenger \u00e5 vite | Trimline Fires","description":"Kunnskapssenteret v\u00e5rt har all informasjon du trenger eller \u00f8nsker \u00e5 vite. Ta en titt p\u00e5 informasjonen selv. Bes\u00f8k nettstedet v\u00e5rt.","robots":{"index":"index","follow":"follow","max-snippet":"max-snippet:-1","max-image-preview":"max-image-preview:large","max-video-preview":"max-video-preview:-1"},"canonical":"https:\/\/www.trimlinefires.com\/no\/kunnskapssenter\/","og_locale":"nb_NO","og_type":"article","og_title":"Kunnskapssenter. Her finner du alt du trenger \u00e5 vite | Trimline Fires","og_description":"Kunnskapssenteret v\u00e5rt har all informasjon du trenger eller \u00f8nsker \u00e5 vite. Ta en titt p\u00e5 informasjonen selv. Bes\u00f8k nettstedet v\u00e5rt.","og_url":"https:\/\/www.trimlinefires.com\/no\/kunnskapssenter\/","og_site_name":"Trimline Fires","twitter_card":"summary_large_image","twitter_misc":{"Est. reading time":"2 minutter"},"schema":{"@context":"https:\/\/schema.org","@graph":[{"@type":"WebPage","@id":"https:\/\/www.trimlinefires.com\/no\/kunnskapssenter\/","url":"https:\/\/www.trimlinefires.com\/no\/kunnskapssenter\/","name":"Kunnskapssenter. Her finner du alt du trenger \u00e5 vite | Trimline Fires","isPartOf":{"@id":"https:\/\/www.trimlinefires.com\/no\/#website"},"datePublished":"2020-01-20T13:25:55+00:00","description":"Kunnskapssenteret v\u00e5rt har all informasjon du trenger eller \u00f8nsker \u00e5 vite. Ta en titt p\u00e5 informasjonen selv. Bes\u00f8k nettstedet v\u00e5rt.","breadcrumb":{"@id":"https:\/\/www.trimlinefires.com\/no\/kunnskapssenter\/#breadcrumb"},"inLanguage":"nb-NO","potentialAction":[{"@type":"ReadAction","target":["https:\/\/www.trimlinefires.com\/no\/kunnskapssenter\/"]}]},{"@type":"BreadcrumbList","@id":"https:\/\/www.trimlinefires.com\/no\/kunnskapssenter\/#breadcrumb","itemListElement":[{"@type":"ListItem","position":1,"name":"Home","item":"https:\/\/www.trimlinefires.com\/no\/"},{"@type":"ListItem","position":2,"name":"Kunnskapssenter"}]},{"@type":"WebSite","@id":"https:\/\/www.trimlinefires.com\/no\/#website","url":"https:\/\/www.trimlinefires.com\/no\/","name":"Trimline Fires","description":"Fire by Trimline","publisher":{"@id":"https:\/\/www.trimlinefires.com\/no\/#organization"},"potentialAction":[{"@type":"SearchAction","target":{"@type":"EntryPoint","urlTemplate":"https:\/\/www.trimlinefires.com\/no\/?s={search_term_string}"},"query-input":{"@type":"PropertyValueSpecification","valueRequired":true,"valueName":"search_term_string"}}],"inLanguage":"nb-NO"},{"@type":"Organization","@id":"https:\/\/www.trimlinefires.com\/no\/#organization","name":"Trimline Fires","url":"https:\/\/www.trimlinefires.com\/no\/","logo":{"@type":"ImageObject","inLanguage":"nb-NO","@id":"https:\/\/www.trimlinefires.com\/no\/#\/schema\/logo\/image\/","url":"https:\/\/www.trimlinefires.com\/app\/uploads\/2020\/01\/trimline-logo-black.png","contentUrl":"https:\/\/www.trimlinefires.com\/app\/uploads\/2020\/01\/trimline-logo-black.png","width":200,"height":108,"caption":"Trimline Fires"},"image":{"@id":"https:\/\/www.trimlinefires.com\/no\/#\/schema\/logo\/image\/"}}]}},"_links":{"self":[{"href":"https:\/\/www.trimlinefires.com\/no\/wp-json\/wp\/v2\/pages\/6842","targetHints":{"allow":["GET"]}}],"collection":[{"href":"https:\/\/www.trimlinefires.com\/no\/wp-json\/wp\/v2\/pages"}],"about":[{"href":"https:\/\/www.trimlinefires.com\/no\/wp-json\/wp\/v2\/types\/page"}],"author":[{"embeddable":true,"href":"https:\/\/www.trimlinefires.com\/no\/wp-json\/wp\/v2\/users\/1"}],"replies":[{"embeddable":true,"href":"https:\/\/www.trimlinefires.com\/no\/wp-json\/wp\/v2\/comments?post=6842"}],"version-history":[{"count":0,"href":"https:\/\/www.trimlinefires.com\/no\/wp-json\/wp\/v2\/pages\/6842\/revisions"}],"wp:attachment":[{"href":"https:\/\/www.trimlinefires.com\/no\/wp-json\/wp\/v2\/media?parent=6842"}],"curies":[{"name":"wp","href":"https:\/\/api.w.org\/{rel}","templated":true}]}}