{"id":20404,"date":"2025-01-16T14:13:37","date_gmt":"2025-01-16T13:13:37","guid":{"rendered":"https:\/\/www.trimlinefires.com\/?page_id=20404"},"modified":"2025-01-16T14:13:37","modified_gmt":"2025-01-16T13:13:37","slug":"ekte-trestokker","status":"publish","type":"page","link":"https:\/\/www.trimlinefires.com\/no\/tilpasning\/ekte-trestokker\/","title":{"rendered":"Ekte trestokker"},"content":{"rendered":"[vc_row type=&raquo;full_width_background&raquo; full_screen_row_position=&raquo;middle&raquo; column_margin=&raquo;default&raquo; column_direction=&raquo;default&raquo; column_direction_tablet=&raquo;default&raquo; column_direction_phone=&raquo;default&raquo; bg_color=&raquo;#313233&#8243; bg_image=&raquo;20420&#8243; bg_position=&raquo;center center&raquo; background_image_loading=&raquo;default&raquo; bg_repeat=&raquo;no-repeat&raquo; scene_position=&raquo;center&raquo; top_padding=&raquo;10%&raquo; bottom_padding=&raquo;10%&raquo; text_color=&raquo;light&raquo; text_align=&raquo;center&raquo; row_border_radius=&raquo;none&raquo; row_border_radius_applies=&raquo;bg&raquo; overflow=&raquo;visible&raquo; overlay_strength=&raquo;0.95&#8243; gradient_direction=&raquo;left_to_right&raquo; shape_divider_position=&raquo;bottom&raquo; shape_divider_height=&raquo;350&#8243; bg_image_animation=&raquo;none&raquo; parallax_bg=&raquo;true&raquo; parallax_bg_speed=&raquo;fast&raquo; shape_type=&raquo;waves_opacity_alt&raquo; gradient_type=&raquo;default&raquo;][vc_column column_padding=&raquo;no-extra-padding&raquo; column_padding_tablet=&raquo;inherit&raquo; column_padding_phone=&raquo;inherit&raquo; column_padding_position=&raquo;all&raquo; column_element_direction_desktop=&raquo;default&raquo; column_element_spacing=&raquo;default&raquo; desktop_text_alignment=&raquo;default&raquo; tablet_text_alignment=&raquo;default&raquo; phone_text_alignment=&raquo;default&raquo; background_color_opacity=&raquo;1&#8243; background_hover_color_opacity=&raquo;1&#8243; column_backdrop_filter=&raquo;none&raquo; column_shadow=&raquo;none&raquo; column_border_radius=&raquo;none&raquo; column_link_target=&raquo;_self&raquo; column_position=&raquo;default&raquo; gradient_direction=&raquo;left_to_right&raquo; overlay_strength=&raquo;0.3&#8243; width=&raquo;1\/1&#8243; tablet_width_inherit=&raquo;default&raquo; animation_type=&raquo;default&raquo; bg_image_animation=&raquo;none&raquo; border_type=&raquo;simple&raquo; column_border_width=&raquo;none&raquo; column_border_style=&raquo;solid&raquo;][vc_custom_heading text=&raquo;Ekte trestokker&raquo; font_container=&raquo;tag:h1|text_align:left|color:%23ffffff&raquo; use_theme_fonts=&raquo;yes&raquo; css=&raquo;&raquo;][vc_row_inner column_margin=&raquo;default&raquo; column_direction=&raquo;default&raquo; column_direction_tablet=&raquo;default&raquo; column_direction_phone=&raquo;default&raquo; text_align=&raquo;left&raquo; row_position=&raquo;default&raquo; row_position_tablet=&raquo;inherit&raquo; row_position_phone=&raquo;inherit&raquo; overflow=&raquo;visible&raquo; pointer_events=&raquo;all&raquo;][vc_column_inner column_padding=&raquo;no-extra-padding&raquo; column_padding_tablet=&raquo;inherit&raquo; column_padding_phone=&raquo;inherit&raquo; column_padding_position=&raquo;all&raquo; column_element_direction_desktop=&raquo;default&raquo; column_element_spacing=&raquo;default&raquo; desktop_text_alignment=&raquo;default&raquo; tablet_text_alignment=&raquo;default&raquo; phone_text_alignment=&raquo;default&raquo; background_color_opacity=&raquo;1&#8243; background_hover_color_opacity=&raquo;1&#8243; column_backdrop_filter=&raquo;none&raquo; column_shadow=&raquo;none&raquo; column_border_radius=&raquo;none&raquo; column_link_target=&raquo;_self&raquo; overflow=&raquo;visible&raquo; gradient_direction=&raquo;left_to_right&raquo; overlay_strength=&raquo;0.3&#8243; width=&raquo;3\/4&#8243; tablet_width_inherit=&raquo;default&raquo; animation_type=&raquo;default&raquo; enable_animation=&raquo;true&raquo; animation=&raquo;fade-in-from-bottom&raquo; animation_easing=&raquo;default&raquo; bg_image_animation=&raquo;none&raquo; border_type=&raquo;simple&raquo; column_border_width=&raquo;none&raquo; column_border_style=&raquo;solid&raquo; delay=&raquo;200&#8243;][\/vc_column_inner][vc_column_inner column_padding=&raquo;no-extra-padding&raquo; column_padding_tablet=&raquo;inherit&raquo; column_padding_phone=&raquo;inherit&raquo; column_padding_position=&raquo;all&raquo; column_element_direction_desktop=&raquo;default&raquo; column_element_spacing=&raquo;default&raquo; desktop_text_alignment=&raquo;default&raquo; tablet_text_alignment=&raquo;default&raquo; phone_text_alignment=&raquo;default&raquo; background_color_opacity=&raquo;1&#8243; background_hover_color_opacity=&raquo;1&#8243; column_backdrop_filter=&raquo;none&raquo; column_shadow=&raquo;none&raquo; column_border_radius=&raquo;none&raquo; column_link_target=&raquo;_self&raquo; overflow=&raquo;visible&raquo; gradient_direction=&raquo;left_to_right&raquo; overlay_strength=&raquo;0.3&#8243; width=&raquo;1\/4&#8243; tablet_width_inherit=&raquo;default&raquo; animation_type=&raquo;default&raquo; enable_animation=&raquo;true&raquo; animation=&raquo;fade-in-from-bottom&raquo; animation_easing=&raquo;default&raquo; bg_image_animation=&raquo;none&raquo; border_type=&raquo;simple&raquo; column_border_width=&raquo;none&raquo; column_border_style=&raquo;solid&raquo; delay=&raquo;300&#8243;][\/vc_column_inner][\/vc_row_inner][\/vc_column][\/vc_row][vc_row type=&raquo;full_width_background&raquo; full_screen_row_position=&raquo;middle&raquo; column_margin=&raquo;default&raquo; column_direction=&raquo;default&raquo; column_direction_tablet=&raquo;default&raquo; column_direction_phone=&raquo;default&raquo; bg_color=&raquo;#000000&#8243; scene_position=&raquo;center&raquo; bottom_padding=&raquo;5%&raquo; text_color=&raquo;light&raquo; text_align=&raquo;left&raquo; row_border_radius=&raquo;none&raquo; row_border_radius_applies=&raquo;bg&raquo; overflow=&raquo;visible&raquo; overlay_strength=&raquo;1&#8243; gradient_direction=&raquo;left_to_right&raquo; shape_divider_position=&raquo;bottom&raquo; bg_image_animation=&raquo;none&raquo; shape_type=&raquo;&raquo;][vc_column column_padding=&raquo;no-extra-padding&raquo; column_padding_tablet=&raquo;inherit&raquo; column_padding_phone=&raquo;inherit&raquo; column_padding_position=&raquo;all&raquo; top_margin=&raquo;5%&raquo; column_element_direction_desktop=&raquo;default&raquo; column_element_spacing=&raquo;default&raquo; desktop_text_alignment=&raquo;default&raquo; tablet_text_alignment=&raquo;default&raquo; phone_text_alignment=&raquo;default&raquo; background_color_opacity=&raquo;1&#8243; background_hover_color_opacity=&raquo;1&#8243; column_backdrop_filter=&raquo;none&raquo; column_shadow=&raquo;none&raquo; column_border_radius=&raquo;none&raquo; column_link_target=&raquo;_self&raquo; column_position=&raquo;default&raquo; gradient_direction=&raquo;left_to_right&raquo; overlay_strength=&raquo;0.3&#8243; width=&raquo;1\/1&#8243; tablet_width_inherit=&raquo;default&raquo; animation_type=&raquo;default&raquo; bg_image_animation=&raquo;none&raquo; border_type=&raquo;simple&raquo; column_border_width=&raquo;none&raquo; column_border_style=&raquo;solid&raquo;][vc_row_inner column_margin=&raquo;default&raquo; column_direction=&raquo;default&raquo; column_direction_tablet=&raquo;default&raquo; column_direction_phone=&raquo;default&raquo; text_align=&raquo;left&raquo; row_position=&raquo;default&raquo; row_position_tablet=&raquo;inherit&raquo; row_position_phone=&raquo;inherit&raquo; overflow=&raquo;visible&raquo; pointer_events=&raquo;all&raquo;][vc_column_inner column_padding=&raquo;no-extra-padding&raquo; column_padding_tablet=&raquo;inherit&raquo; column_padding_phone=&raquo;inherit&raquo; column_padding_position=&raquo;all&raquo; column_element_direction_desktop=&raquo;default&raquo; column_element_spacing=&raquo;default&raquo; desktop_text_alignment=&raquo;default&raquo; tablet_text_alignment=&raquo;default&raquo; phone_text_alignment=&raquo;default&raquo; background_color_opacity=&raquo;1&#8243; background_hover_color_opacity=&raquo;1&#8243; column_backdrop_filter=&raquo;none&raquo; column_shadow=&raquo;none&raquo; column_border_radius=&raquo;none&raquo; column_link_target=&raquo;_self&raquo; overflow=&raquo;visible&raquo; gradient_direction=&raquo;left_to_right&raquo; overlay_strength=&raquo;0.3&#8243; width=&raquo;1\/1&#8243; tablet_width_inherit=&raquo;default&raquo; animation_type=&raquo;default&raquo; bg_image_animation=&raquo;none&raquo; border_type=&raquo;simple&raquo; column_border_width=&raquo;none&raquo; column_border_style=&raquo;solid&raquo;][vc_custom_heading text=&raquo;FOR DEN ULTIMATE PERFEKSJON, SE TIL NATUREN!&raquo; use_theme_fonts=&raquo;yes&raquo; css=&raquo;&raquo;][\/vc_column_inner][\/vc_row_inner][vc_row_inner column_margin=&raquo;default&raquo; column_direction=&raquo;default&raquo; column_direction_tablet=&raquo;default&raquo; column_direction_phone=&raquo;default&raquo; text_align=&raquo;left&raquo; row_position=&raquo;default&raquo; row_position_tablet=&raquo;inherit&raquo; row_position_phone=&raquo;inherit&raquo; overflow=&raquo;visible&raquo; pointer_events=&raquo;all&raquo;][vc_column_inner column_padding=&raquo;padding-3-percent&raquo; column_padding_tablet=&raquo;inherit&raquo; column_padding_phone=&raquo;inherit&raquo; column_padding_position=&raquo;top-bottom&raquo; column_element_direction_desktop=&raquo;default&raquo; column_element_spacing=&raquo;default&raquo; desktop_text_alignment=&raquo;default&raquo; tablet_text_alignment=&raquo;default&raquo; phone_text_alignment=&raquo;default&raquo; background_color_opacity=&raquo;1&#8243; background_hover_color_opacity=&raquo;1&#8243; column_backdrop_filter=&raquo;none&raquo; column_shadow=&raquo;none&raquo; column_border_radius=&raquo;none&raquo; column_link_target=&raquo;_self&raquo; overflow=&raquo;visible&raquo; gradient_direction=&raquo;left_to_right&raquo; overlay_strength=&raquo;0.3&#8243; width=&raquo;1\/2&#8243; tablet_width_inherit=&raquo;default&raquo; animation_type=&raquo;default&raquo; bg_image_animation=&raquo;none&raquo; border_type=&raquo;simple&raquo; column_border_width=&raquo;none&raquo; column_border_style=&raquo;solid&raquo;][vc_column_text css=&raquo;.vc_custom_1737033336775{padding-right: 10% !important;}&raquo; text_direction=&raquo;default&raquo;]Vi presenterer Coppice ekte vedkubbesett, den definitive oppgraderingen til Solus-ovnen din. Dette h\u00e5ndlagde settet er det ultimate innen realisme, og bruker spesielt utvalgte, naturlige vedkubber for \u00e5 skape et autentisk, gitterformet brenselbed, komplett med gl\u00f8r i skogbunnen. Hvert Coppice-vedkubbesett er unikt og produsert i Storbritannia av lokale materialer som er fagmessig limt sammen til ett enkelt produkt som er enkelt \u00e5 installere og som gir peisen den perfekte finishen.[\/vc_column_text][nectar_btn size=&raquo;medium&raquo; open_new_tab=&raquo;true&raquo; button_style=&raquo;regular&raquo; button_color_2=&raquo;Accent-Color&raquo; icon_family=&raquo;none&raquo; url=&raquo;https:\/\/www.trimlinefires.com\/app\/uploads\/2021\/09\/Mail-TLF_Vision-E-Line-Brochure-2022-2023-1.pdf&raquo; text=&raquo;Last ned brosjyren&raquo;][\/vc_column_inner][vc_column_inner column_padding=&raquo;padding-3-percent&raquo; column_padding_tablet=&raquo;inherit&raquo; column_padding_phone=&raquo;inherit&raquo; column_padding_position=&raquo;top-bottom&raquo; column_element_direction_desktop=&raquo;default&raquo; column_element_spacing=&raquo;default&raquo; desktop_text_alignment=&raquo;default&raquo; tablet_text_alignment=&raquo;default&raquo; phone_text_alignment=&raquo;default&raquo; background_color_opacity=&raquo;1&#8243; background_hover_color_opacity=&raquo;1&#8243; column_backdrop_filter=&raquo;none&raquo; column_shadow=&raquo;none&raquo; column_border_radius=&raquo;none&raquo; column_link_target=&raquo;_self&raquo; overflow=&raquo;visible&raquo; gradient_direction=&raquo;left_to_right&raquo; overlay_strength=&raquo;0.3&#8243; width=&raquo;1\/2&#8243; tablet_width_inherit=&raquo;default&raquo; animation_type=&raquo;default&raquo; bg_image_animation=&raquo;none&raquo; border_type=&raquo;simple&raquo; column_border_width=&raquo;none&raquo; column_border_style=&raquo;solid&raquo;][image_with_animation image_url=&raquo;20430&#8243; image_size=&raquo;full&raquo; animation_type=&raquo;entrance&raquo; animation=&raquo;Fade In From Bottom&raquo; animation_easing=&raquo;default&raquo; animation_movement_type=&raquo;transform_y&raquo; hover_animation=&raquo;none&raquo; alignment=&raquo;center&raquo; border_radius=&raquo;none&raquo; box_shadow=&raquo;none&raquo; image_loading=&raquo;default&raquo; max_width=&raquo;100%&raquo; max_width_mobile=&raquo;default&raquo;][\/vc_column_inner][\/vc_row_inner][vc_row_inner column_margin=&raquo;default&raquo; column_direction=&raquo;default&raquo; column_direction_tablet=&raquo;default&raquo; column_direction_phone=&raquo;default&raquo; text_align=&raquo;left&raquo; row_position=&raquo;default&raquo; row_position_tablet=&raquo;inherit&raquo; row_position_phone=&raquo;inherit&raquo; overflow=&raquo;visible&raquo; pointer_events=&raquo;all&raquo;][vc_column_inner column_padding=&raquo;padding-3-percent&raquo; column_padding_tablet=&raquo;inherit&raquo; column_padding_phone=&raquo;inherit&raquo; column_padding_position=&raquo;top-bottom&raquo; column_element_direction_desktop=&raquo;default&raquo; column_element_spacing=&raquo;default&raquo; desktop_text_alignment=&raquo;default&raquo; tablet_text_alignment=&raquo;default&raquo; phone_text_alignment=&raquo;default&raquo; background_color_opacity=&raquo;1&#8243; background_hover_color_opacity=&raquo;1&#8243; column_backdrop_filter=&raquo;none&raquo; column_shadow=&raquo;none&raquo; column_border_radius=&raquo;none&raquo; column_link_target=&raquo;_self&raquo; overflow=&raquo;visible&raquo; gradient_direction=&raquo;left_to_right&raquo; overlay_strength=&raquo;0.3&#8243; width=&raquo;1\/2&#8243; tablet_width_inherit=&raquo;default&raquo; animation_type=&raquo;default&raquo; bg_image_animation=&raquo;none&raquo; border_type=&raquo;simple&raquo; column_border_width=&raquo;none&raquo; column_border_style=&raquo;solid&raquo;][image_with_animation image_url=&raquo;20439&#8243; image_size=&raquo;full&raquo; animation_type=&raquo;entrance&raquo; animation=&raquo;Fade In From Bottom&raquo; animation_easing=&raquo;default&raquo; animation_movement_type=&raquo;transform_y&raquo; hover_animation=&raquo;none&raquo; alignment=&raquo;center&raquo; border_radius=&raquo;none&raquo; box_shadow=&raquo;none&raquo; image_loading=&raquo;default&raquo; max_width=&raquo;100%&raquo; max_width_mobile=&raquo;default&raquo;][\/vc_column_inner][vc_column_inner column_padding=&raquo;padding-3-percent&raquo; column_padding_tablet=&raquo;inherit&raquo; column_padding_phone=&raquo;inherit&raquo; column_padding_position=&raquo;top-bottom&raquo; column_element_direction_desktop=&raquo;default&raquo; column_element_spacing=&raquo;default&raquo; desktop_text_alignment=&raquo;default&raquo; tablet_text_alignment=&raquo;default&raquo; phone_text_alignment=&raquo;default&raquo; background_color_opacity=&raquo;1&#8243; background_hover_color_opacity=&raquo;1&#8243; column_backdrop_filter=&raquo;none&raquo; column_shadow=&raquo;none&raquo; column_border_radius=&raquo;none&raquo; column_link_target=&raquo;_self&raquo; overflow=&raquo;visible&raquo; gradient_direction=&raquo;left_to_right&raquo; overlay_strength=&raquo;0.3&#8243; width=&raquo;1\/2&#8243; tablet_width_inherit=&raquo;default&raquo; animation_type=&raquo;default&raquo; bg_image_animation=&raquo;none&raquo; border_type=&raquo;simple&raquo; column_border_width=&raquo;none&raquo; column_border_style=&raquo;solid&raquo;][image_with_animation image_url=&raquo;20448&#8243; image_size=&raquo;full&raquo; animation_type=&raquo;entrance&raquo; animation=&raquo;Fade In From Bottom&raquo; animation_easing=&raquo;default&raquo; animation_movement_type=&raquo;transform_y&raquo; hover_animation=&raquo;none&raquo; alignment=&raquo;center&raquo; border_radius=&raquo;none&raquo; box_shadow=&raquo;none&raquo; image_loading=&raquo;default&raquo; max_width=&raquo;100%&raquo; max_width_mobile=&raquo;default&raquo;][\/vc_column_inner][\/vc_row_inner][vc_row_inner column_margin=&raquo;default&raquo; column_direction=&raquo;default&raquo; column_direction_tablet=&raquo;default&raquo; column_direction_phone=&raquo;default&raquo; text_align=&raquo;left&raquo; row_position=&raquo;default&raquo; row_position_tablet=&raquo;inherit&raquo; row_position_phone=&raquo;inherit&raquo; overflow=&raquo;visible&raquo; pointer_events=&raquo;all&raquo;][vc_column_inner column_padding=&raquo;no-extra-padding&raquo; column_padding_tablet=&raquo;inherit&raquo; column_padding_phone=&raquo;inherit&raquo; column_padding_position=&raquo;all&raquo; column_element_direction_desktop=&raquo;default&raquo; column_element_spacing=&raquo;default&raquo; desktop_text_alignment=&raquo;default&raquo; tablet_text_alignment=&raquo;default&raquo; phone_text_alignment=&raquo;default&raquo; background_color_opacity=&raquo;1&#8243; background_hover_color_opacity=&raquo;1&#8243; column_backdrop_filter=&raquo;none&raquo; column_shadow=&raquo;none&raquo; column_border_radius=&raquo;none&raquo; column_link_target=&raquo;_self&raquo; overflow=&raquo;visible&raquo; gradient_direction=&raquo;left_to_right&raquo; overlay_strength=&raquo;0.3&#8243; width=&raquo;1\/1&#8243; tablet_width_inherit=&raquo;default&raquo; animation_type=&raquo;default&raquo; bg_image_animation=&raquo;none&raquo; border_type=&raquo;simple&raquo; column_border_width=&raquo;none&raquo; column_border_style=&raquo;solid&raquo;][nectar_image_comparison image_url=&raquo;20457&#8243; image_2_url=&raquo;15217&#8243;][\/vc_column_inner][\/vc_row_inner][\/vc_column][\/vc_row]\n","protected":false},"excerpt":{"rendered":"<p>[vc_row type=&raquo;full_width_background&raquo; full_screen_row_position=&raquo;middle&raquo; column_margin=&raquo;default&raquo; column_direction=&raquo;default&raquo; column_direction_tablet=&raquo;default&raquo; column_direction_phone=&raquo;default&raquo; bg_color=&raquo;#313233&#8243; bg_image=&raquo;20420&#8243; bg_position=&raquo;center center&raquo; background_image_loading=&raquo;default&raquo; bg_repeat=&raquo;no-repeat&raquo; scene_position=&raquo;center&raquo; top_padding=&raquo;10%&raquo; bottom_padding=&raquo;10%&raquo; text_color=&raquo;light&raquo; text_align=&raquo;center&raquo; row_border_radius=&raquo;none&raquo; row_border_radius_applies=&raquo;bg&raquo; overflow=&raquo;visible&raquo; overlay_strength=&raquo;0.95&#8243; gradient_direction=&raquo;left_to_right&raquo; shape_divider_position=&raquo;bottom&raquo; shape_divider_height=&raquo;350&#8243; bg_image_animation=&raquo;none&raquo; parallax_bg=&raquo;true&raquo; parallax_bg_speed=&raquo;fast&raquo; shape_type=&raquo;waves_opacity_alt&raquo; gradient_type=&raquo;default&raquo;][vc_column&#8230;<\/p>\n","protected":false},"author":2,"featured_media":0,"parent":6860,"menu_order":304,"comment_status":"closed","ping_status":"closed","template":"","meta":{"inline_featured_image":false,"footnotes":""},"class_list":["post-20404","page","type-page","status-publish"],"yoast_head":"<!-- This site is optimized with the Yoast SEO plugin v27.0 - https:\/\/yoast.com\/product\/yoast-seo-wordpress\/ -->\n<title>Ekte trestokker til v\u00e5re elektriske peiser | Trimline Fires<\/title>\n<meta name=\"description\" content=\"Gi din elektriske peis et enda bedre utseende med ekte treverk. Ren og vakker atmosf\u00e6re. Enkel \u00e5 bytte ut | Handle hos Trimline Fires\" \/>\n<meta name=\"robots\" content=\"index, follow, max-snippet:-1, max-image-preview:large, max-video-preview:-1\" \/>\n<link rel=\"canonical\" href=\"https:\/\/www.trimlinefires.com\/no\/tilpasning\/ekte-trestokker\/\" \/>\n<meta property=\"og:locale\" content=\"nb_NO\" \/>\n<meta property=\"og:type\" content=\"article\" \/>\n<meta property=\"og:title\" content=\"Ekte trestokker til v\u00e5re elektriske peiser | Trimline Fires\" \/>\n<meta property=\"og:description\" content=\"Gi din elektriske peis et enda bedre utseende med ekte treverk. Ren og vakker atmosf\u00e6re. Enkel \u00e5 bytte ut | Handle hos Trimline Fires\" \/>\n<meta property=\"og:url\" content=\"https:\/\/www.trimlinefires.com\/no\/tilpasning\/ekte-trestokker\/\" \/>\n<meta property=\"og:site_name\" content=\"Trimline Fires\" \/>\n<meta name=\"twitter:card\" content=\"summary_large_image\" \/>\n<meta name=\"twitter:label1\" content=\"Est. reading time\" \/>\n\t<meta name=\"twitter:data1\" content=\"2 minutter\" \/>\n<script type=\"application\/ld+json\" class=\"yoast-schema-graph\">{\"@context\":\"https:\/\/schema.org\",\"@graph\":[{\"@type\":\"WebPage\",\"@id\":\"https:\/\/www.trimlinefires.com\/no\/tilpasning\/ekte-trestokker\/\",\"url\":\"https:\/\/www.trimlinefires.com\/no\/tilpasning\/ekte-trestokker\/\",\"name\":\"Ekte trestokker til v\u00e5re elektriske peiser | Trimline Fires\",\"isPartOf\":{\"@id\":\"https:\/\/www.trimlinefires.com\/no\/#website\"},\"datePublished\":\"2025-01-16T13:13:37+00:00\",\"description\":\"Gi din elektriske peis et enda bedre utseende med ekte treverk. Ren og vakker atmosf\u00e6re. Enkel \u00e5 bytte ut | Handle hos Trimline Fires\",\"breadcrumb\":{\"@id\":\"https:\/\/www.trimlinefires.com\/no\/tilpasning\/ekte-trestokker\/#breadcrumb\"},\"inLanguage\":\"nb-NO\",\"potentialAction\":[{\"@type\":\"ReadAction\",\"target\":[\"https:\/\/www.trimlinefires.com\/no\/tilpasning\/ekte-trestokker\/\"]}]},{\"@type\":\"BreadcrumbList\",\"@id\":\"https:\/\/www.trimlinefires.com\/no\/tilpasning\/ekte-trestokker\/#breadcrumb\",\"itemListElement\":[{\"@type\":\"ListItem\",\"position\":1,\"name\":\"Home\",\"item\":\"https:\/\/www.trimlinefires.com\/no\/\"},{\"@type\":\"ListItem\",\"position\":2,\"name\":\"Tilpasning\",\"item\":\"https:\/\/www.trimlinefires.com\/no\/tilpasning\/\"},{\"@type\":\"ListItem\",\"position\":3,\"name\":\"Ekte trestokker\"}]},{\"@type\":\"WebSite\",\"@id\":\"https:\/\/www.trimlinefires.com\/no\/#website\",\"url\":\"https:\/\/www.trimlinefires.com\/no\/\",\"name\":\"Trimline Fires\",\"description\":\"Fire by Trimline\",\"publisher\":{\"@id\":\"https:\/\/www.trimlinefires.com\/no\/#organization\"},\"potentialAction\":[{\"@type\":\"SearchAction\",\"target\":{\"@type\":\"EntryPoint\",\"urlTemplate\":\"https:\/\/www.trimlinefires.com\/no\/?s={search_term_string}\"},\"query-input\":{\"@type\":\"PropertyValueSpecification\",\"valueRequired\":true,\"valueName\":\"search_term_string\"}}],\"inLanguage\":\"nb-NO\"},{\"@type\":\"Organization\",\"@id\":\"https:\/\/www.trimlinefires.com\/no\/#organization\",\"name\":\"Trimline Fires\",\"url\":\"https:\/\/www.trimlinefires.com\/no\/\",\"logo\":{\"@type\":\"ImageObject\",\"inLanguage\":\"nb-NO\",\"@id\":\"https:\/\/www.trimlinefires.com\/no\/#\/schema\/logo\/image\/\",\"url\":\"https:\/\/www.trimlinefires.com\/app\/uploads\/2020\/01\/trimline-logo-black.png\",\"contentUrl\":\"https:\/\/www.trimlinefires.com\/app\/uploads\/2020\/01\/trimline-logo-black.png\",\"width\":200,\"height\":108,\"caption\":\"Trimline Fires\"},\"image\":{\"@id\":\"https:\/\/www.trimlinefires.com\/no\/#\/schema\/logo\/image\/\"}}]}<\/script>\n<!-- \/ Yoast SEO plugin. -->","yoast_head_json":{"title":"Ekte trestokker til v\u00e5re elektriske peiser | Trimline Fires","description":"Gi din elektriske peis et enda bedre utseende med ekte treverk. Ren og vakker atmosf\u00e6re. Enkel \u00e5 bytte ut | Handle hos Trimline Fires","robots":{"index":"index","follow":"follow","max-snippet":"max-snippet:-1","max-image-preview":"max-image-preview:large","max-video-preview":"max-video-preview:-1"},"canonical":"https:\/\/www.trimlinefires.com\/no\/tilpasning\/ekte-trestokker\/","og_locale":"nb_NO","og_type":"article","og_title":"Ekte trestokker til v\u00e5re elektriske peiser | Trimline Fires","og_description":"Gi din elektriske peis et enda bedre utseende med ekte treverk. Ren og vakker atmosf\u00e6re. Enkel \u00e5 bytte ut | Handle hos Trimline Fires","og_url":"https:\/\/www.trimlinefires.com\/no\/tilpasning\/ekte-trestokker\/","og_site_name":"Trimline Fires","twitter_card":"summary_large_image","twitter_misc":{"Est. reading time":"2 minutter"},"schema":{"@context":"https:\/\/schema.org","@graph":[{"@type":"WebPage","@id":"https:\/\/www.trimlinefires.com\/no\/tilpasning\/ekte-trestokker\/","url":"https:\/\/www.trimlinefires.com\/no\/tilpasning\/ekte-trestokker\/","name":"Ekte trestokker til v\u00e5re elektriske peiser | Trimline Fires","isPartOf":{"@id":"https:\/\/www.trimlinefires.com\/no\/#website"},"datePublished":"2025-01-16T13:13:37+00:00","description":"Gi din elektriske peis et enda bedre utseende med ekte treverk. Ren og vakker atmosf\u00e6re. Enkel \u00e5 bytte ut | Handle hos Trimline Fires","breadcrumb":{"@id":"https:\/\/www.trimlinefires.com\/no\/tilpasning\/ekte-trestokker\/#breadcrumb"},"inLanguage":"nb-NO","potentialAction":[{"@type":"ReadAction","target":["https:\/\/www.trimlinefires.com\/no\/tilpasning\/ekte-trestokker\/"]}]},{"@type":"BreadcrumbList","@id":"https:\/\/www.trimlinefires.com\/no\/tilpasning\/ekte-trestokker\/#breadcrumb","itemListElement":[{"@type":"ListItem","position":1,"name":"Home","item":"https:\/\/www.trimlinefires.com\/no\/"},{"@type":"ListItem","position":2,"name":"Tilpasning","item":"https:\/\/www.trimlinefires.com\/no\/tilpasning\/"},{"@type":"ListItem","position":3,"name":"Ekte trestokker"}]},{"@type":"WebSite","@id":"https:\/\/www.trimlinefires.com\/no\/#website","url":"https:\/\/www.trimlinefires.com\/no\/","name":"Trimline Fires","description":"Fire by Trimline","publisher":{"@id":"https:\/\/www.trimlinefires.com\/no\/#organization"},"potentialAction":[{"@type":"SearchAction","target":{"@type":"EntryPoint","urlTemplate":"https:\/\/www.trimlinefires.com\/no\/?s={search_term_string}"},"query-input":{"@type":"PropertyValueSpecification","valueRequired":true,"valueName":"search_term_string"}}],"inLanguage":"nb-NO"},{"@type":"Organization","@id":"https:\/\/www.trimlinefires.com\/no\/#organization","name":"Trimline Fires","url":"https:\/\/www.trimlinefires.com\/no\/","logo":{"@type":"ImageObject","inLanguage":"nb-NO","@id":"https:\/\/www.trimlinefires.com\/no\/#\/schema\/logo\/image\/","url":"https:\/\/www.trimlinefires.com\/app\/uploads\/2020\/01\/trimline-logo-black.png","contentUrl":"https:\/\/www.trimlinefires.com\/app\/uploads\/2020\/01\/trimline-logo-black.png","width":200,"height":108,"caption":"Trimline Fires"},"image":{"@id":"https:\/\/www.trimlinefires.com\/no\/#\/schema\/logo\/image\/"}}]}},"_links":{"self":[{"href":"https:\/\/www.trimlinefires.com\/no\/wp-json\/wp\/v2\/pages\/20404","targetHints":{"allow":["GET"]}}],"collection":[{"href":"https:\/\/www.trimlinefires.com\/no\/wp-json\/wp\/v2\/pages"}],"about":[{"href":"https:\/\/www.trimlinefires.com\/no\/wp-json\/wp\/v2\/types\/page"}],"author":[{"embeddable":true,"href":"https:\/\/www.trimlinefires.com\/no\/wp-json\/wp\/v2\/users\/2"}],"replies":[{"embeddable":true,"href":"https:\/\/www.trimlinefires.com\/no\/wp-json\/wp\/v2\/comments?post=20404"}],"version-history":[{"count":1,"href":"https:\/\/www.trimlinefires.com\/no\/wp-json\/wp\/v2\/pages\/20404\/revisions"}],"predecessor-version":[{"id":26778,"href":"https:\/\/www.trimlinefires.com\/no\/wp-json\/wp\/v2\/pages\/20404\/revisions\/26778"}],"up":[{"embeddable":true,"href":"https:\/\/www.trimlinefires.com\/no\/wp-json\/wp\/v2\/pages\/6860"}],"wp:attachment":[{"href":"https:\/\/www.trimlinefires.com\/no\/wp-json\/wp\/v2\/media?parent=20404"}],"curies":[{"name":"wp","href":"https:\/\/api.w.org\/{rel}","templated":true}]}}