{"id":4876,"date":"2019-10-25T14:04:57","date_gmt":"2019-10-25T12:04:57","guid":{"rendered":"https:\/\/www.trimlinefires.com\/centro-de-conocimientos\/"},"modified":"2019-10-25T14:04:58","modified_gmt":"2019-10-25T12:04:58","slug":"centro-de-conocimientos","status":"publish","type":"page","link":"https:\/\/www.trimlinefires.com\/es\/centro-de-conocimientos\/","title":{"rendered":"Centro de conocimientos"},"content":{"rendered":"[vc_row type=&#8221;full_width_background&#8221; full_screen_row_position=&#8221;middle&#8221; bg_image=&#8221;700&#8243; bg_position=&#8221;center center&#8221; bg_repeat=&#8221;no-repeat&#8221; scene_position=&#8221;center&#8221; text_color=&#8221;light&#8221; text_align=&#8221;left&#8221; top_padding=&#8221;12%&#8221; bottom_padding=&#8221;12%&#8221; color_overlay=&#8221;#000000&#8243; overlay_strength=&#8221;0.5&#8243; shape_divider_position=&#8221;bottom&#8221; shape_type=&#8221;&#8221;][vc_column column_padding=&#8221;no-extra-padding&#8221; column_padding_position=&#8221;all&#8221; background_color_opacity=&#8221;1&#8243; background_hover_color_opacity=&#8221;1&#8243; column_link_target=&#8221;_self&#8221; column_shadow=&#8221;none&#8221; column_border_radius=&#8221;none&#8221; width=&#8221;1\/1&#8243; tablet_width_inherit=&#8221;default&#8221; tablet_text_alignment=&#8221;default&#8221; phone_text_alignment=&#8221;default&#8221; column_border_width=&#8221;none&#8221; column_border_style=&#8221;solid&#8221;][vc_row_inner column_margin=&#8221;default&#8221; text_align=&#8221;left&#8221;][vc_column_inner column_padding=&#8221;no-extra-padding&#8221; column_padding_position=&#8221;all&#8221; background_color_opacity=&#8221;1&#8243; background_hover_color_opacity=&#8221;1&#8243; column_shadow=&#8221;none&#8221; column_border_radius=&#8221;none&#8221; column_link_target=&#8221;_self&#8221; width=&#8221;3\/5&#8243; tablet_width_inherit=&#8221;default&#8221; column_border_width=&#8221;none&#8221; column_border_style=&#8221;solid&#8221;][vc_custom_heading text=&#8221;Centro de conocimientos&#8221; font_container=&#8221;tag:h1|text_align:left&#8221; use_theme_fonts=&#8221;yes&#8221; css=&#8221;.vc_custom_1556804598591{margin-bottom: 35px !important;}&#8221;][vc_column_text]En nuestro centro de conocimientos incluimos regularmente desarrollos importantes en el \u00e1mbito de las chimeneas y estufas de gas. \u00bfDeseas, al igual que nosotros, estar a la vanguardia de la tecnolog\u00eda y los conocimientos? Si es as\u00ed, echa un vistazo aqu\u00ed.[\/vc_column_text][\/vc_column_inner][vc_column_inner column_padding=&#8221;no-extra-padding&#8221; column_padding_position=&#8221;all&#8221; background_color_opacity=&#8221;1&#8243; background_hover_color_opacity=&#8221;1&#8243; column_shadow=&#8221;none&#8221; column_border_radius=&#8221;none&#8221; column_link_target=&#8221;_self&#8221; width=&#8221;2\/5&#8243; tablet_width_inherit=&#8221;default&#8221; column_border_width=&#8221;none&#8221; column_border_style=&#8221;solid&#8221;][\/vc_column_inner][\/vc_row_inner][\/vc_column][\/vc_row][vc_row type=&#8221;full_width_background&#8221; full_screen_row_position=&#8221;middle&#8221; bg_color=&#8221;#222222&#8243; scene_position=&#8221;center&#8221; text_color=&#8221;light&#8221; text_align=&#8221;left&#8221; top_padding=&#8221;7%&#8221; bottom_padding=&#8221;7%&#8221; overlay_strength=&#8221;0.8&#8243; shape_divider_position=&#8221;bottom&#8221; shape_type=&#8221;&#8221;][vc_column column_padding=&#8221;no-extra-padding&#8221; column_padding_position=&#8221;all&#8221; background_color_opacity=&#8221;1&#8243; background_hover_color_opacity=&#8221;1&#8243; column_link_target=&#8221;_self&#8221; column_shadow=&#8221;none&#8221; column_border_radius=&#8221;none&#8221; width=&#8221;1\/1&#8243; tablet_width_inherit=&#8221;default&#8221; tablet_text_alignment=&#8221;default&#8221; phone_text_alignment=&#8221;default&#8221; column_border_width=&#8221;none&#8221; column_border_style=&#8221;solid&#8221;][recent_posts style=&#8221;classic_enhanced&#8221; color_scheme=&#8221;dark&#8221; category=&#8221;all&#8221; columns=&#8221;3&#8243; order=&#8221;DESC&#8221; orderby=&#8221;date&#8221;][\/vc_column][\/vc_row]\n","protected":false},"excerpt":{"rendered":"<p>[vc_row type=&#8221;full_width_background&#8221; full_screen_row_position=&#8221;middle&#8221; bg_image=&#8221;700&#8243; bg_position=&#8221;center center&#8221; bg_repeat=&#8221;no-repeat&#8221; scene_position=&#8221;center&#8221; text_color=&#8221;light&#8221; text_align=&#8221;left&#8221; top_padding=&#8221;12%&#8221; bottom_padding=&#8221;12%&#8221; color_overlay=&#8221;#000000&#8243; overlay_strength=&#8221;0.5&#8243; shape_divider_position=&#8221;bottom&#8221; shape_type=&#8221;&#8221;][vc_column column_padding=&#8221;no-extra-padding&#8221; column_padding_position=&#8221;all&#8221; background_color_opacity=&#8221;1&#8243; background_hover_color_opacity=&#8221;1&#8243; column_link_target=&#8221;_self&#8221; column_shadow=&#8221;none&#8221; column_border_radius=&#8221;none&#8221; width=&#8221;1\/1&#8243; tablet_width_inherit=&#8221;default&#8221; tablet_text_alignment=&#8221;default&#8221; phone_text_alignment=&#8221;default&#8221; column_border_width=&#8221;none&#8221; column_border_style=&#8221;solid&#8221;][vc_row_inner column_margin=&#8221;default&#8221;&#8230;<\/p>\n","protected":false},"author":1,"featured_media":0,"parent":0,"menu_order":610,"comment_status":"closed","ping_status":"closed","template":"","meta":{"inline_featured_image":false,"footnotes":""},"class_list":["post-4876","page","type-page","status-publish"],"yoast_head":"<!-- This site is optimized with the Yoast SEO plugin v27.0 - https:\/\/yoast.com\/product\/yoast-seo-wordpress\/ -->\n<title>Centro de conocimientos. Desc\u00fabrelo todo | Trimline Fires<\/title>\n<meta name=\"description\" content=\"En nuestro centro de conocimientos encontrar\u00e1s todo lo que necesitas y quieres saber. Sigue adelante y desc\u00fabrelo por ti mismo. Visita el sitio web\" \/>\n<meta name=\"robots\" content=\"index, follow, max-snippet:-1, max-image-preview:large, max-video-preview:-1\" \/>\n<link rel=\"canonical\" href=\"https:\/\/www.trimlinefires.com\/es\/centro-de-conocimientos\/\" \/>\n<meta property=\"og:locale\" content=\"es_ES\" \/>\n<meta property=\"og:type\" content=\"article\" \/>\n<meta property=\"og:title\" content=\"Centro de conocimientos. Desc\u00fabrelo todo | Trimline Fires\" \/>\n<meta property=\"og:description\" content=\"En nuestro centro de conocimientos encontrar\u00e1s todo lo que necesitas y quieres saber. Sigue adelante y desc\u00fabrelo por ti mismo. Visita el sitio web\" \/>\n<meta property=\"og:url\" content=\"https:\/\/www.trimlinefires.com\/es\/centro-de-conocimientos\/\" \/>\n<meta property=\"og:site_name\" content=\"Trimline Fires\" \/>\n<meta property=\"article:modified_time\" content=\"2019-10-25T12:04:58+00:00\" \/>\n<meta name=\"twitter:card\" content=\"summary_large_image\" \/>\n<meta name=\"twitter:label1\" content=\"Est. reading time\" \/>\n\t<meta name=\"twitter:data1\" content=\"2 minutes\" \/>\n<script type=\"application\/ld+json\" class=\"yoast-schema-graph\">{\"@context\":\"https:\/\/schema.org\",\"@graph\":[{\"@type\":\"WebPage\",\"@id\":\"https:\/\/www.trimlinefires.com\/es\/centro-de-conocimientos\/\",\"url\":\"https:\/\/www.trimlinefires.com\/es\/centro-de-conocimientos\/\",\"name\":\"Centro de conocimientos. Desc\u00fabrelo todo | Trimline Fires\",\"isPartOf\":{\"@id\":\"https:\/\/www.trimlinefires.com\/es\/#website\"},\"datePublished\":\"2019-10-25T12:04:57+00:00\",\"dateModified\":\"2019-10-25T12:04:58+00:00\",\"description\":\"En nuestro centro de conocimientos encontrar\u00e1s todo lo que necesitas y quieres saber. Sigue adelante y desc\u00fabrelo por ti mismo. Visita el sitio web\",\"breadcrumb\":{\"@id\":\"https:\/\/www.trimlinefires.com\/es\/centro-de-conocimientos\/#breadcrumb\"},\"inLanguage\":\"es-ES\",\"potentialAction\":[{\"@type\":\"ReadAction\",\"target\":[\"https:\/\/www.trimlinefires.com\/es\/centro-de-conocimientos\/\"]}]},{\"@type\":\"BreadcrumbList\",\"@id\":\"https:\/\/www.trimlinefires.com\/es\/centro-de-conocimientos\/#breadcrumb\",\"itemListElement\":[{\"@type\":\"ListItem\",\"position\":1,\"name\":\"Home\",\"item\":\"https:\/\/www.trimlinefires.com\/es\/\"},{\"@type\":\"ListItem\",\"position\":2,\"name\":\"Centro de conocimientos\"}]},{\"@type\":\"WebSite\",\"@id\":\"https:\/\/www.trimlinefires.com\/es\/#website\",\"url\":\"https:\/\/www.trimlinefires.com\/es\/\",\"name\":\"Trimline Fires\",\"description\":\"Fire by Trimline\",\"publisher\":{\"@id\":\"https:\/\/www.trimlinefires.com\/es\/#organization\"},\"potentialAction\":[{\"@type\":\"SearchAction\",\"target\":{\"@type\":\"EntryPoint\",\"urlTemplate\":\"https:\/\/www.trimlinefires.com\/es\/?s={search_term_string}\"},\"query-input\":{\"@type\":\"PropertyValueSpecification\",\"valueRequired\":true,\"valueName\":\"search_term_string\"}}],\"inLanguage\":\"es-ES\"},{\"@type\":\"Organization\",\"@id\":\"https:\/\/www.trimlinefires.com\/es\/#organization\",\"name\":\"Trimline Fires\",\"url\":\"https:\/\/www.trimlinefires.com\/es\/\",\"logo\":{\"@type\":\"ImageObject\",\"inLanguage\":\"es-ES\",\"@id\":\"https:\/\/www.trimlinefires.com\/es\/#\/schema\/logo\/image\/\",\"url\":\"https:\/\/www.trimlinefires.com\/app\/uploads\/2020\/01\/trimline-logo-black.png\",\"contentUrl\":\"https:\/\/www.trimlinefires.com\/app\/uploads\/2020\/01\/trimline-logo-black.png\",\"width\":200,\"height\":108,\"caption\":\"Trimline Fires\"},\"image\":{\"@id\":\"https:\/\/www.trimlinefires.com\/es\/#\/schema\/logo\/image\/\"}}]}<\/script>\n<!-- \/ Yoast SEO plugin. -->","yoast_head_json":{"title":"Centro de conocimientos. Desc\u00fabrelo todo | Trimline Fires","description":"En nuestro centro de conocimientos encontrar\u00e1s todo lo que necesitas y quieres saber. Sigue adelante y desc\u00fabrelo por ti mismo. Visita el sitio web","robots":{"index":"index","follow":"follow","max-snippet":"max-snippet:-1","max-image-preview":"max-image-preview:large","max-video-preview":"max-video-preview:-1"},"canonical":"https:\/\/www.trimlinefires.com\/es\/centro-de-conocimientos\/","og_locale":"es_ES","og_type":"article","og_title":"Centro de conocimientos. Desc\u00fabrelo todo | Trimline Fires","og_description":"En nuestro centro de conocimientos encontrar\u00e1s todo lo que necesitas y quieres saber. Sigue adelante y desc\u00fabrelo por ti mismo. Visita el sitio web","og_url":"https:\/\/www.trimlinefires.com\/es\/centro-de-conocimientos\/","og_site_name":"Trimline Fires","article_modified_time":"2019-10-25T12:04:58+00:00","twitter_card":"summary_large_image","twitter_misc":{"Est. reading time":"2 minutes"},"schema":{"@context":"https:\/\/schema.org","@graph":[{"@type":"WebPage","@id":"https:\/\/www.trimlinefires.com\/es\/centro-de-conocimientos\/","url":"https:\/\/www.trimlinefires.com\/es\/centro-de-conocimientos\/","name":"Centro de conocimientos. Desc\u00fabrelo todo | Trimline Fires","isPartOf":{"@id":"https:\/\/www.trimlinefires.com\/es\/#website"},"datePublished":"2019-10-25T12:04:57+00:00","dateModified":"2019-10-25T12:04:58+00:00","description":"En nuestro centro de conocimientos encontrar\u00e1s todo lo que necesitas y quieres saber. Sigue adelante y desc\u00fabrelo por ti mismo. Visita el sitio web","breadcrumb":{"@id":"https:\/\/www.trimlinefires.com\/es\/centro-de-conocimientos\/#breadcrumb"},"inLanguage":"es-ES","potentialAction":[{"@type":"ReadAction","target":["https:\/\/www.trimlinefires.com\/es\/centro-de-conocimientos\/"]}]},{"@type":"BreadcrumbList","@id":"https:\/\/www.trimlinefires.com\/es\/centro-de-conocimientos\/#breadcrumb","itemListElement":[{"@type":"ListItem","position":1,"name":"Home","item":"https:\/\/www.trimlinefires.com\/es\/"},{"@type":"ListItem","position":2,"name":"Centro de conocimientos"}]},{"@type":"WebSite","@id":"https:\/\/www.trimlinefires.com\/es\/#website","url":"https:\/\/www.trimlinefires.com\/es\/","name":"Trimline Fires","description":"Fire by Trimline","publisher":{"@id":"https:\/\/www.trimlinefires.com\/es\/#organization"},"potentialAction":[{"@type":"SearchAction","target":{"@type":"EntryPoint","urlTemplate":"https:\/\/www.trimlinefires.com\/es\/?s={search_term_string}"},"query-input":{"@type":"PropertyValueSpecification","valueRequired":true,"valueName":"search_term_string"}}],"inLanguage":"es-ES"},{"@type":"Organization","@id":"https:\/\/www.trimlinefires.com\/es\/#organization","name":"Trimline Fires","url":"https:\/\/www.trimlinefires.com\/es\/","logo":{"@type":"ImageObject","inLanguage":"es-ES","@id":"https:\/\/www.trimlinefires.com\/es\/#\/schema\/logo\/image\/","url":"https:\/\/www.trimlinefires.com\/app\/uploads\/2020\/01\/trimline-logo-black.png","contentUrl":"https:\/\/www.trimlinefires.com\/app\/uploads\/2020\/01\/trimline-logo-black.png","width":200,"height":108,"caption":"Trimline Fires"},"image":{"@id":"https:\/\/www.trimlinefires.com\/es\/#\/schema\/logo\/image\/"}}]}},"_links":{"self":[{"href":"https:\/\/www.trimlinefires.com\/es\/wp-json\/wp\/v2\/pages\/4876","targetHints":{"allow":["GET"]}}],"collection":[{"href":"https:\/\/www.trimlinefires.com\/es\/wp-json\/wp\/v2\/pages"}],"about":[{"href":"https:\/\/www.trimlinefires.com\/es\/wp-json\/wp\/v2\/types\/page"}],"author":[{"embeddable":true,"href":"https:\/\/www.trimlinefires.com\/es\/wp-json\/wp\/v2\/users\/1"}],"replies":[{"embeddable":true,"href":"https:\/\/www.trimlinefires.com\/es\/wp-json\/wp\/v2\/comments?post=4876"}],"version-history":[{"count":0,"href":"https:\/\/www.trimlinefires.com\/es\/wp-json\/wp\/v2\/pages\/4876\/revisions"}],"wp:attachment":[{"href":"https:\/\/www.trimlinefires.com\/es\/wp-json\/wp\/v2\/media?parent=4876"}],"curies":[{"name":"wp","href":"https:\/\/api.w.org\/{rel}","templated":true}]}}