{"id":4659,"date":"2019-10-24T14:08:38","date_gmt":"2019-10-24T12:08:38","guid":{"rendered":"https:\/\/www.trimlinefires.com\/chimeneas-de-gas\/"},"modified":"2020-03-19T08:49:56","modified_gmt":"2020-03-19T07:49:56","slug":"chimeneas-de-gas","status":"publish","type":"page","link":"https:\/\/www.trimlinefires.com\/es\/chimeneas-de-gas\/","title":{"rendered":"Chimeneas de gas"},"content":{"rendered":"[vc_row type=&#8221;full_width_background&#8221; full_screen_row_position=&#8221;middle&#8221; equal_height=&#8221;yes&#8221; bg_color=&#8221;#222222&#8243; scene_position=&#8221;center&#8221; text_color=&#8221;light&#8221; text_align=&#8221;left&#8221; overlay_strength=&#8221;0.3&#8243; shape_divider_position=&#8221;bottom&#8221; shape_type=&#8221;&#8221;][vc_column column_padding=&#8221;no-extra-padding&#8221; column_padding_position=&#8221;all&#8221; background_color_opacity=&#8221;1&#8243; background_hover_color_opacity=&#8221;1&#8243; column_link_target=&#8221;_self&#8221; column_shadow=&#8221;none&#8221; column_border_radius=&#8221;none&#8221; bottom_margin=&#8221;5%&#8221; width=&#8221;1\/1&#8243; tablet_width_inherit=&#8221;default&#8221; tablet_text_alignment=&#8221;default&#8221; phone_text_alignment=&#8221;default&#8221; column_border_width=&#8221;none&#8221; column_border_style=&#8221;solid&#8221;][vc_row_inner equal_height=&#8221;yes&#8221; content_placement=&#8221;middle&#8221; column_margin=&#8221;none&#8221; text_align=&#8221;left&#8221;][vc_column_inner column_padding=&#8221;no-extra-padding&#8221; column_padding_position=&#8221;all&#8221; background_color_opacity=&#8221;1&#8243; background_hover_color_opacity=&#8221;1&#8243; column_shadow=&#8221;none&#8221; column_border_radius=&#8221;none&#8221; column_link_target=&#8221;_self&#8221; width=&#8221;2\/3&#8243; tablet_width_inherit=&#8221;default&#8221; column_border_width=&#8221;none&#8221; column_border_style=&#8221;solid&#8221;][vc_custom_heading text=&#8221;Chimeneas de gas&#8221; font_container=&#8221;tag:h1|font_size:3em|text_align:left|color:%23ffffff|line_height:1.5&#8243; use_theme_fonts=&#8221;yes&#8221; css=&#8221;.vc_custom_1559036769147{padding-top: 80px !important;}&#8221;][divider line_type=&#8221;Small Line&#8221; line_alignment=&#8221;default&#8221; line_thickness=&#8221;4&#8243; divider_color=&#8221;accent-color&#8221; animate=&#8221;yes&#8221; custom_height=&#8221;40&#8243; custom_line_width=&#8221;100&#8243;][vc_custom_heading text=&#8221;El lujo en su mejor versi\u00f3n. D\u00e9monos calor y conect\u00e9monos&#8221; font_container=&#8221;tag:h3|text_align:left&#8221; use_theme_fonts=&#8221;yes&#8221;][vc_column_text]\n<div style=\"font-weight: 400; font-size: 18px; color: #fff; line-height: 28px; opacity: 0.8;\">Una chimenea aporta espacio. Espacio para compartir historias y para vivir momentos preciosos. Ofrece el lujo de un lugar de reuni\u00f3n. Donde nos damos calor. Donde nos conectamos. Quiz\u00e1s contigo mismo. D\u00e9jate llevar por tus propios pensamientos. Se pueden hacer tantas cosas con una chimenea, es todo un lujo.<\/div>\n[\/vc_column_text][\/vc_column_inner][vc_column_inner column_padding=&#8221;no-extra-padding&#8221; column_padding_position=&#8221;all&#8221; background_color_opacity=&#8221;1&#8243; background_hover_color_opacity=&#8221;1&#8243; column_shadow=&#8221;none&#8221; column_border_radius=&#8221;none&#8221; column_link_target=&#8221;_self&#8221; width=&#8221;1\/3&#8243; tablet_width_inherit=&#8221;default&#8221; column_border_width=&#8221;none&#8221; column_border_style=&#8221;solid&#8221;][\/vc_column_inner][\/vc_row_inner][\/vc_column][\/vc_row][vc_row type=&#8221;in_container&#8221; full_screen_row_position=&#8221;middle&#8221; equal_height=&#8221;yes&#8221; content_placement=&#8221;middle&#8221; scene_position=&#8221;center&#8221; text_color=&#8221;light&#8221; text_align=&#8221;left&#8221; top_padding=&#8221;5%&#8221; overlay_strength=&#8221;0.3&#8243; shape_divider_position=&#8221;bottom&#8221; shape_type=&#8221;&#8221;][vc_column enable_animation=&#8221;true&#8221; animation=&#8221;fade-in-from-bottom&#8221; column_padding=&#8221;no-extra-padding&#8221; column_padding_position=&#8221;all&#8221; background_color_opacity=&#8221;1&#8243; background_hover_color_opacity=&#8221;1&#8243; column_link_target=&#8221;_self&#8221; column_shadow=&#8221;none&#8221; column_border_radius=&#8221;none&#8221; width=&#8221;7\/12&#8243; tablet_width_inherit=&#8221;default&#8221; tablet_text_alignment=&#8221;default&#8221; phone_text_alignment=&#8221;default&#8221; column_border_width=&#8221;none&#8221; column_border_style=&#8221;solid&#8221; column_link=&#8221;\/es\/chimeneas-de-gas\/chimeneas-frontales\/&#8221;][vc_row_inner column_margin=&#8221;default&#8221; text_align=&#8221;left&#8221;][vc_column_inner background_image=&#8221;69&#8243; enable_bg_scale=&#8221;true&#8221; column_padding=&#8221;no-extra-padding&#8221; column_padding_position=&#8221;bottom-left&#8221; background_color_opacity=&#8221;1&#8243; background_color_hover=&#8221;#000000&#8243; background_hover_color_opacity=&#8221;0.3&#8243; column_shadow=&#8221;none&#8221; column_border_radius=&#8221;none&#8221; column_link_target=&#8221;_self&#8221; width=&#8221;1\/1&#8243; tablet_width_inherit=&#8221;default&#8221; column_border_width=&#8221;none&#8221; column_border_style=&#8221;solid&#8221; column_link=&#8221;https:\/\/www.trimlinefires.com\/es\/chimeneas-de-gas\/chimeneas-frontales\/&#8221;][divider line_type=&#8221;No Line&#8221; custom_height=&#8221;674&#8243;][vc_column_text css=&#8221;.vc_custom_1534426846569{padding-bottom: 20px !important;padding-left: 20px !important;}&#8221;]\n<div style=\"font-weight: 200; font-size: 32px; color: #fff;\">Chimeneas frontales<\/div>\n[\/vc_column_text][\/vc_column_inner][\/vc_row_inner][\/vc_column][vc_column column_padding=&#8221;no-extra-padding&#8221; column_padding_position=&#8221;all&#8221; background_color_opacity=&#8221;1&#8243; background_hover_color_opacity=&#8221;1&#8243; column_link_target=&#8221;_self&#8221; column_shadow=&#8221;none&#8221; column_border_radius=&#8221;none&#8221; width=&#8221;5\/12&#8243; tablet_width_inherit=&#8221;default&#8221; tablet_text_alignment=&#8221;default&#8221; phone_text_alignment=&#8221;default&#8221; column_border_width=&#8221;none&#8221; column_border_style=&#8221;solid&#8221;][vc_row_inner column_margin=&#8221;default&#8221; text_align=&#8221;left&#8221;][vc_column_inner enable_animation=&#8221;true&#8221; animation=&#8221;fade-in-from-bottom&#8221; background_image=&#8221;71&#8243; enable_bg_scale=&#8221;true&#8221; column_padding=&#8221;no-extra-padding&#8221; column_padding_position=&#8221;all&#8221; background_color_opacity=&#8221;1&#8243; background_color_hover=&#8221;#000000&#8243; background_hover_color_opacity=&#8221;0.3&#8243; column_shadow=&#8221;none&#8221; column_border_radius=&#8221;none&#8221; column_link_target=&#8221;_self&#8221; width=&#8221;1\/1&#8243; tablet_width_inherit=&#8221;default&#8221; column_border_width=&#8221;none&#8221; column_border_style=&#8221;solid&#8221; column_link=&#8221;\/es\/chimeneas-de-gas\/chimeneas-de-esquina\/&#8221; delay=&#8221;150&#8243;][divider line_type=&#8221;No Line&#8221; custom_height=&#8221;300&#8243;][vc_column_text css=&#8221;.vc_custom_1534426868577{padding-bottom: 20px !important;padding-left: 20px !important;}&#8221;]\n<div style=\"font-weight: 200; font-size: 32px; color: #fff;\">Chimeneas de esquina<\/div>\n[\/vc_column_text][\/vc_column_inner][\/vc_row_inner][vc_row_inner column_margin=&#8221;default&#8221; text_align=&#8221;left&#8221;][vc_column_inner enable_animation=&#8221;true&#8221; animation=&#8221;fade-in-from-bottom&#8221; background_image=&#8221;127&#8243; enable_bg_scale=&#8221;true&#8221; column_padding=&#8221;no-extra-padding&#8221; column_padding_position=&#8221;all&#8221; background_color_opacity=&#8221;1&#8243; background_color_hover=&#8221;#000000&#8243; background_hover_color_opacity=&#8221;0.3&#8243; column_shadow=&#8221;none&#8221; column_border_radius=&#8221;none&#8221; column_link_target=&#8221;_self&#8221; width=&#8221;1\/1&#8243; tablet_width_inherit=&#8221;default&#8221; column_border_width=&#8221;none&#8221; column_border_style=&#8221;solid&#8221; column_link=&#8221;\/es\/chimeneas-de-gas\/chimeneas-panoramicas\/&#8221; delay=&#8221;150&#8243;][divider line_type=&#8221;No Line&#8221; custom_height=&#8221;300&#8243;][vc_column_text css=&#8221;.vc_custom_1534428444264{padding-bottom: 20px !important;padding-left: 20px !important;}&#8221;]\n<div style=\"font-weight: 200; font-size: 32px; color: #fff;\">Chimeneas panor\u00e1micas<\/div>\n[\/vc_column_text][\/vc_column_inner][\/vc_row_inner][\/vc_column][\/vc_row][vc_row type=&#8221;in_container&#8221; full_screen_row_position=&#8221;middle&#8221; equal_height=&#8221;yes&#8221; content_placement=&#8221;middle&#8221; scene_position=&#8221;center&#8221; text_color=&#8221;light&#8221; text_align=&#8221;left&#8221; bottom_padding=&#8221;3%&#8221; overlay_strength=&#8221;0.3&#8243; shape_divider_position=&#8221;bottom&#8221; shape_type=&#8221;&#8221;][vc_column enable_animation=&#8221;true&#8221; animation=&#8221;fade-in-from-bottom&#8221; column_padding=&#8221;no-extra-padding&#8221; column_padding_position=&#8221;bottom-left&#8221; background_color_opacity=&#8221;1&#8243; background_color_hover=&#8221;#000000&#8243; background_hover_color_opacity=&#8221;0.3&#8243; background_image=&#8221;75&#8243; enable_bg_scale=&#8221;true&#8221; column_link_target=&#8221;_self&#8221; column_shadow=&#8221;none&#8221; column_border_radius=&#8221;none&#8221; width=&#8221;1\/3&#8243; tablet_width_inherit=&#8221;default&#8221; tablet_text_alignment=&#8221;default&#8221; phone_text_alignment=&#8221;default&#8221; column_border_width=&#8221;none&#8221; column_border_style=&#8221;solid&#8221; column_link=&#8221;\/es\/chimeneas-de-gas\/chimeneas-divisoras-de-ambientes\/&#8221;][divider line_type=&#8221;No Line&#8221; custom_height=&#8221;300&#8243;][vc_column_text css=&#8221;.vc_custom_1534426763575{padding-bottom: 20px !important;padding-left: 20px !important;}&#8221;]\n<div style=\"font-weight: 200; font-size: 32px; color: #fff;\">Chimeneas divisoras de ambientes<\/div>\n[\/vc_column_text][\/vc_column][vc_column enable_animation=&#8221;true&#8221; animation=&#8221;fade-in-from-bottom&#8221; column_padding=&#8221;no-extra-padding&#8221; column_padding_position=&#8221;bottom-left&#8221; background_color_opacity=&#8221;1&#8243; background_color_hover=&#8221;#000000&#8243; background_hover_color_opacity=&#8221;0.3&#8243; background_image=&#8221;79&#8243; enable_bg_scale=&#8221;true&#8221; column_link_target=&#8221;_self&#8221; column_shadow=&#8221;none&#8221; column_border_radius=&#8221;none&#8221; width=&#8221;1\/3&#8243; tablet_width_inherit=&#8221;default&#8221; tablet_text_alignment=&#8221;default&#8221; phone_text_alignment=&#8221;default&#8221; column_border_width=&#8221;none&#8221; column_border_style=&#8221;solid&#8221; column_link=&#8221;\/es\/chimeneas-de-gas\/chimeneas-de-tunel\/&#8221; delay=&#8221;200&#8243;][divider line_type=&#8221;No Line&#8221; custom_height=&#8221;300&#8243;][vc_column_text css=&#8221;.vc_custom_1557236462635{padding-right: 20px !important;padding-bottom: 20px !important;padding-left: 20px !important;}&#8221;]\n<div style=\"font-weight: 200; font-size: 32px; color: #fff;\">Chimeneas de t\u00fanel<\/div>\n[\/vc_column_text][\/vc_column][vc_column enable_animation=&#8221;true&#8221; animation=&#8221;fade-in-from-bottom&#8221; column_padding=&#8221;no-extra-padding&#8221; column_padding_position=&#8221;top-bottom&#8221; background_color=&#8221;#000000&#8243; background_color_opacity=&#8221;0.2&#8243; background_color_hover=&#8221;#0a0a0a&#8221; background_hover_color_opacity=&#8221;0.5&#8243; background_image=&#8221;818&#8243; enable_bg_scale=&#8221;true&#8221; column_link_target=&#8221;_self&#8221; column_shadow=&#8221;none&#8221; column_border_radius=&#8221;none&#8221; width=&#8221;1\/3&#8243; tablet_width_inherit=&#8221;default&#8221; tablet_text_alignment=&#8221;default&#8221; phone_text_alignment=&#8221;default&#8221; column_border_width=&#8221;none&#8221; column_border_style=&#8221;solid&#8221; delay=&#8221;400&#8243; column_link=&#8221;\/es\/chimeneas-de-gas\/chimeneas-independientes\/&#8221;][divider line_type=&#8221;No Line&#8221; custom_height=&#8221;300&#8243;][vc_column_text css=&#8221;.vc_custom_1557236447807{padding-right: 20px !important;padding-bottom: 20px !important;padding-left: 20px !important;}&#8221;]\n<div style=\"font-weight: 200; font-size: 32px; color: #fff;\">Chimeneas independientes<\/div>\n[\/vc_column_text][\/vc_column][\/vc_row][vc_row type=&#8221;in_container&#8221; full_screen_row_position=&#8221;middle&#8221; scene_position=&#8221;center&#8221; text_color=&#8221;dark&#8221; text_align=&#8221;left&#8221; bottom_padding=&#8221;5%&#8221; overlay_strength=&#8221;0.3&#8243; shape_divider_position=&#8221;bottom&#8221; shape_type=&#8221;&#8221;][vc_column column_padding=&#8221;no-extra-padding&#8221; column_padding_position=&#8221;all&#8221; background_color_opacity=&#8221;1&#8243; background_hover_color_opacity=&#8221;1&#8243; column_link_target=&#8221;_self&#8221; column_shadow=&#8221;none&#8221; column_border_radius=&#8221;none&#8221; width=&#8221;1\/1&#8243; tablet_width_inherit=&#8221;default&#8221; tablet_text_alignment=&#8221;default&#8221; phone_text_alignment=&#8221;default&#8221; column_border_width=&#8221;none&#8221; column_border_style=&#8221;solid&#8221;][nectar_btn size=&#8221;large&#8221; button_style=&#8221;regular&#8221; button_color_2=&#8221;Accent-Color&#8221; icon_family=&#8221;default_arrow&#8221; url=&#8221;\/es\/chimeneas-de-gas\/&#8221; text=&#8221;Conoce todas las chimeneas&#8221;][\/vc_column][\/vc_row]\n","protected":false},"excerpt":{"rendered":"<p>[vc_row type=&#8221;full_width_background&#8221; full_screen_row_position=&#8221;middle&#8221; equal_height=&#8221;yes&#8221; bg_color=&#8221;#222222&#8243; scene_position=&#8221;center&#8221; text_color=&#8221;light&#8221; text_align=&#8221;left&#8221; overlay_strength=&#8221;0.3&#8243; shape_divider_position=&#8221;bottom&#8221; shape_type=&#8221;&#8221;][vc_column column_padding=&#8221;no-extra-padding&#8221; column_padding_position=&#8221;all&#8221; background_color_opacity=&#8221;1&#8243; background_hover_color_opacity=&#8221;1&#8243; column_link_target=&#8221;_self&#8221; column_shadow=&#8221;none&#8221; column_border_radius=&#8221;none&#8221; bottom_margin=&#8221;5%&#8221; width=&#8221;1\/1&#8243; tablet_width_inherit=&#8221;default&#8221; tablet_text_alignment=&#8221;default&#8221; phone_text_alignment=&#8221;default&#8221; column_border_width=&#8221;none&#8221; column_border_style=&#8221;solid&#8221;][vc_row_inner equal_height=&#8221;yes&#8221; content_placement=&#8221;middle&#8221; column_margin=&#8221;none&#8221; text_align=&#8221;left&#8221;][vc_column_inner column_padding=&#8221;no-extra-padding&#8221;&#8230;<\/p>\n","protected":false},"author":1,"featured_media":0,"parent":0,"menu_order":565,"comment_status":"closed","ping_status":"closed","template":"","meta":{"inline_featured_image":false,"footnotes":""},"class_list":["post-4659","page","type-page","status-publish"],"yoast_head":"<!-- This site is optimized with the Yoast SEO plugin v27.5 - https:\/\/yoast.com\/product\/yoast-seo-wordpress\/ -->\n<title>Chimeneas de gas - Trimline Fires | Nuestra pasi\u00f3n, tu confort<\/title>\n<meta name=\"description\" content=\"Chimeneas de gas de Trimline Fires. 6 tipos, 36 modelos. Elige tu favorito. Trabajo a medida, justo como t\u00fa quieres. Descarga el folleto\" \/>\n<meta name=\"robots\" content=\"index, follow, max-snippet:-1, max-image-preview:large, max-video-preview:-1\" \/>\n<link rel=\"canonical\" href=\"https:\/\/www.trimlinefires.com\/es\/chimeneas-de-gas\/\" \/>\n<meta property=\"og:locale\" content=\"es_ES\" \/>\n<meta property=\"og:type\" content=\"article\" \/>\n<meta property=\"og:title\" content=\"Chimeneas de gas - Trimline Fires | Nuestra pasi\u00f3n, tu confort\" \/>\n<meta property=\"og:description\" content=\"Chimeneas de gas de Trimline Fires. 6 tipos, 36 modelos. Elige tu favorito. Trabajo a medida, justo como t\u00fa quieres. Descarga el folleto\" \/>\n<meta property=\"og:url\" content=\"https:\/\/www.trimlinefires.com\/es\/chimeneas-de-gas\/\" \/>\n<meta property=\"og:site_name\" content=\"Trimline Fires\" \/>\n<meta property=\"article:modified_time\" content=\"2020-03-19T07:49:56+00:00\" \/>\n<meta name=\"twitter:card\" content=\"summary_large_image\" \/>\n<meta name=\"twitter:label1\" content=\"Est. reading time\" \/>\n\t<meta name=\"twitter:data1\" content=\"6 minutes\" \/>\n<script type=\"application\/ld+json\" class=\"yoast-schema-graph\">{\"@context\":\"https:\\\/\\\/schema.org\",\"@graph\":[{\"@type\":\"WebPage\",\"@id\":\"https:\\\/\\\/www.trimlinefires.com\\\/es\\\/chimeneas-de-gas\\\/\",\"url\":\"https:\\\/\\\/www.trimlinefires.com\\\/es\\\/chimeneas-de-gas\\\/\",\"name\":\"Chimeneas de gas - Trimline Fires | Nuestra pasi\u00f3n, tu confort\",\"isPartOf\":{\"@id\":\"https:\\\/\\\/www.trimlinefires.com\\\/es\\\/#website\"},\"datePublished\":\"2019-10-24T12:08:38+00:00\",\"dateModified\":\"2020-03-19T07:49:56+00:00\",\"description\":\"Chimeneas de gas de Trimline Fires. 6 tipos, 36 modelos. Elige tu favorito. Trabajo a medida, justo como t\u00fa quieres. Descarga el folleto\",\"breadcrumb\":{\"@id\":\"https:\\\/\\\/www.trimlinefires.com\\\/es\\\/chimeneas-de-gas\\\/#breadcrumb\"},\"inLanguage\":\"es-ES\",\"potentialAction\":[{\"@type\":\"ReadAction\",\"target\":[\"https:\\\/\\\/www.trimlinefires.com\\\/es\\\/chimeneas-de-gas\\\/\"]}]},{\"@type\":\"BreadcrumbList\",\"@id\":\"https:\\\/\\\/www.trimlinefires.com\\\/es\\\/chimeneas-de-gas\\\/#breadcrumb\",\"itemListElement\":[{\"@type\":\"ListItem\",\"position\":1,\"name\":\"Home\",\"item\":\"https:\\\/\\\/www.trimlinefires.com\\\/es\\\/\"},{\"@type\":\"ListItem\",\"position\":2,\"name\":\"Chimeneas de gas\"}]},{\"@type\":\"WebSite\",\"@id\":\"https:\\\/\\\/www.trimlinefires.com\\\/es\\\/#website\",\"url\":\"https:\\\/\\\/www.trimlinefires.com\\\/es\\\/\",\"name\":\"Trimline Fires\",\"description\":\"Fire by Trimline\",\"publisher\":{\"@id\":\"https:\\\/\\\/www.trimlinefires.com\\\/es\\\/#organization\"},\"potentialAction\":[{\"@type\":\"SearchAction\",\"target\":{\"@type\":\"EntryPoint\",\"urlTemplate\":\"https:\\\/\\\/www.trimlinefires.com\\\/es\\\/?s={search_term_string}\"},\"query-input\":{\"@type\":\"PropertyValueSpecification\",\"valueRequired\":true,\"valueName\":\"search_term_string\"}}],\"inLanguage\":\"es-ES\"},{\"@type\":\"Organization\",\"@id\":\"https:\\\/\\\/www.trimlinefires.com\\\/es\\\/#organization\",\"name\":\"Trimline Fires\",\"url\":\"https:\\\/\\\/www.trimlinefires.com\\\/es\\\/\",\"logo\":{\"@type\":\"ImageObject\",\"inLanguage\":\"es-ES\",\"@id\":\"https:\\\/\\\/www.trimlinefires.com\\\/es\\\/#\\\/schema\\\/logo\\\/image\\\/\",\"url\":\"https:\\\/\\\/www.trimlinefires.com\\\/app\\\/uploads\\\/2020\\\/01\\\/trimline-logo-black.png\",\"contentUrl\":\"https:\\\/\\\/www.trimlinefires.com\\\/app\\\/uploads\\\/2020\\\/01\\\/trimline-logo-black.png\",\"width\":200,\"height\":108,\"caption\":\"Trimline Fires\"},\"image\":{\"@id\":\"https:\\\/\\\/www.trimlinefires.com\\\/es\\\/#\\\/schema\\\/logo\\\/image\\\/\"}}]}<\/script>\n<!-- \/ Yoast SEO plugin. -->","yoast_head_json":{"title":"Chimeneas de gas - Trimline Fires | Nuestra pasi\u00f3n, tu confort","description":"Chimeneas de gas de Trimline Fires. 6 tipos, 36 modelos. Elige tu favorito. Trabajo a medida, justo como t\u00fa quieres. Descarga el folleto","robots":{"index":"index","follow":"follow","max-snippet":"max-snippet:-1","max-image-preview":"max-image-preview:large","max-video-preview":"max-video-preview:-1"},"canonical":"https:\/\/www.trimlinefires.com\/es\/chimeneas-de-gas\/","og_locale":"es_ES","og_type":"article","og_title":"Chimeneas de gas - Trimline Fires | Nuestra pasi\u00f3n, tu confort","og_description":"Chimeneas de gas de Trimline Fires. 6 tipos, 36 modelos. Elige tu favorito. Trabajo a medida, justo como t\u00fa quieres. Descarga el folleto","og_url":"https:\/\/www.trimlinefires.com\/es\/chimeneas-de-gas\/","og_site_name":"Trimline Fires","article_modified_time":"2020-03-19T07:49:56+00:00","twitter_card":"summary_large_image","twitter_misc":{"Est. reading time":"6 minutes"},"schema":{"@context":"https:\/\/schema.org","@graph":[{"@type":"WebPage","@id":"https:\/\/www.trimlinefires.com\/es\/chimeneas-de-gas\/","url":"https:\/\/www.trimlinefires.com\/es\/chimeneas-de-gas\/","name":"Chimeneas de gas - Trimline Fires | Nuestra pasi\u00f3n, tu confort","isPartOf":{"@id":"https:\/\/www.trimlinefires.com\/es\/#website"},"datePublished":"2019-10-24T12:08:38+00:00","dateModified":"2020-03-19T07:49:56+00:00","description":"Chimeneas de gas de Trimline Fires. 6 tipos, 36 modelos. Elige tu favorito. Trabajo a medida, justo como t\u00fa quieres. Descarga el folleto","breadcrumb":{"@id":"https:\/\/www.trimlinefires.com\/es\/chimeneas-de-gas\/#breadcrumb"},"inLanguage":"es-ES","potentialAction":[{"@type":"ReadAction","target":["https:\/\/www.trimlinefires.com\/es\/chimeneas-de-gas\/"]}]},{"@type":"BreadcrumbList","@id":"https:\/\/www.trimlinefires.com\/es\/chimeneas-de-gas\/#breadcrumb","itemListElement":[{"@type":"ListItem","position":1,"name":"Home","item":"https:\/\/www.trimlinefires.com\/es\/"},{"@type":"ListItem","position":2,"name":"Chimeneas de gas"}]},{"@type":"WebSite","@id":"https:\/\/www.trimlinefires.com\/es\/#website","url":"https:\/\/www.trimlinefires.com\/es\/","name":"Trimline Fires","description":"Fire by Trimline","publisher":{"@id":"https:\/\/www.trimlinefires.com\/es\/#organization"},"potentialAction":[{"@type":"SearchAction","target":{"@type":"EntryPoint","urlTemplate":"https:\/\/www.trimlinefires.com\/es\/?s={search_term_string}"},"query-input":{"@type":"PropertyValueSpecification","valueRequired":true,"valueName":"search_term_string"}}],"inLanguage":"es-ES"},{"@type":"Organization","@id":"https:\/\/www.trimlinefires.com\/es\/#organization","name":"Trimline Fires","url":"https:\/\/www.trimlinefires.com\/es\/","logo":{"@type":"ImageObject","inLanguage":"es-ES","@id":"https:\/\/www.trimlinefires.com\/es\/#\/schema\/logo\/image\/","url":"https:\/\/www.trimlinefires.com\/app\/uploads\/2020\/01\/trimline-logo-black.png","contentUrl":"https:\/\/www.trimlinefires.com\/app\/uploads\/2020\/01\/trimline-logo-black.png","width":200,"height":108,"caption":"Trimline Fires"},"image":{"@id":"https:\/\/www.trimlinefires.com\/es\/#\/schema\/logo\/image\/"}}]}},"_links":{"self":[{"href":"https:\/\/www.trimlinefires.com\/es\/wp-json\/wp\/v2\/pages\/4659","targetHints":{"allow":["GET"]}}],"collection":[{"href":"https:\/\/www.trimlinefires.com\/es\/wp-json\/wp\/v2\/pages"}],"about":[{"href":"https:\/\/www.trimlinefires.com\/es\/wp-json\/wp\/v2\/types\/page"}],"author":[{"embeddable":true,"href":"https:\/\/www.trimlinefires.com\/es\/wp-json\/wp\/v2\/users\/1"}],"replies":[{"embeddable":true,"href":"https:\/\/www.trimlinefires.com\/es\/wp-json\/wp\/v2\/comments?post=4659"}],"version-history":[{"count":0,"href":"https:\/\/www.trimlinefires.com\/es\/wp-json\/wp\/v2\/pages\/4659\/revisions"}],"wp:attachment":[{"href":"https:\/\/www.trimlinefires.com\/es\/wp-json\/wp\/v2\/media?parent=4659"}],"curies":[{"name":"wp","href":"https:\/\/api.w.org\/{rel}","templated":true}]}}