{"id":8006,"date":"2020-02-18T11:59:01","date_gmt":"2020-02-18T10:59:01","guid":{"rendered":"https:\/\/www.trimlinefires.com\/gaskamine\/"},"modified":"2020-02-19T10:00:30","modified_gmt":"2020-02-19T09:00:30","slug":"gaskamine","status":"publish","type":"page","link":"https:\/\/www.trimlinefires.com\/de\/gaskamine\/","title":{"rendered":"Gaskamine"},"content":{"rendered":"[vc_row type=&#8220;full_width_background&#8220; full_screen_row_position=&#8220;middle&#8220; equal_height=&#8220;yes&#8220; bg_color=&#8220;#222222&#8243; scene_position=&#8220;center&#8220; text_color=&#8220;light&#8220; text_align=&#8220;left&#8220; overlay_strength=&#8220;0.3&#8243; shape_divider_position=&#8220;bottom&#8220; shape_type=&#8220;&#8220;][vc_column column_padding=&#8220;no-extra-padding&#8220; column_padding_position=&#8220;all&#8220; background_color_opacity=&#8220;1&#8243; background_hover_color_opacity=&#8220;1&#8243; column_link_target=&#8220;_self&#8220; column_shadow=&#8220;none&#8220; column_border_radius=&#8220;none&#8220; bottom_margin=&#8220;5%&#8220; width=&#8220;1\/1&#8243; tablet_width_inherit=&#8220;default&#8220; tablet_text_alignment=&#8220;default&#8220; phone_text_alignment=&#8220;default&#8220; column_border_width=&#8220;none&#8220; column_border_style=&#8220;solid&#8220;][vc_row_inner equal_height=&#8220;yes&#8220; content_placement=&#8220;middle&#8220; column_margin=&#8220;none&#8220; text_align=&#8220;left&#8220;][vc_column_inner column_padding=&#8220;no-extra-padding&#8220; column_padding_position=&#8220;all&#8220; background_color_opacity=&#8220;1&#8243; background_hover_color_opacity=&#8220;1&#8243; column_shadow=&#8220;none&#8220; column_border_radius=&#8220;none&#8220; column_link_target=&#8220;_self&#8220; width=&#8220;2\/3&#8243; tablet_width_inherit=&#8220;default&#8220; column_border_width=&#8220;none&#8220; column_border_style=&#8220;solid&#8220;][vc_custom_heading text=&#8220;Gaskamine&#8220; font_container=&#8220;tag:h1|font_size:3em|text_align:left|color:%23ffffff|line_height:1.5&#8243; use_theme_fonts=&#8220;yes&#8220; css=&#8220;.vc_custom_1559036769147{padding-top: 80px !important;}&#8220;][divider line_type=&#8220;Small Line&#8220; line_alignment=&#8220;default&#8220; line_thickness=&#8220;4&#8243; divider_color=&#8220;accent-color&#8220; animate=&#8220;yes&#8220; custom_height=&#8220;40&#8243; custom_line_width=&#8220;100&#8243;][vc_custom_heading text=&#8220;Luxus in Reinform. Einend und verbindend&#8220; font_container=&#8220;tag:h3|text_align:left&#8220; use_theme_fonts=&#8220;yes&#8220;][vc_column_text]\n<div style=\"font-weight: 400; font-size: 18px; color: #fff; line-height: 28px; opacity: 0.8;\">Ein Kamin schafft einen warmen und behaglichen Raum, der dazu einl\u00e4dt, Geschichten zu erz\u00e4hlen und unvergessliche Momente zu teilen. Den Luxus eines Ortes, an dem man zusammenkommt und zueinander findet. Und vielleicht sogar zu sich selbst. Ein Kamin macht vieles m\u00f6glich &#8230; Ein echter Luxus!<\/div>\n[\/vc_column_text][\/vc_column_inner][vc_column_inner column_padding=&#8220;no-extra-padding&#8220; column_padding_position=&#8220;all&#8220; background_color_opacity=&#8220;1&#8243; background_hover_color_opacity=&#8220;1&#8243; column_shadow=&#8220;none&#8220; column_border_radius=&#8220;none&#8220; column_link_target=&#8220;_self&#8220; width=&#8220;1\/3&#8243; tablet_width_inherit=&#8220;default&#8220; column_border_width=&#8220;none&#8220; column_border_style=&#8220;solid&#8220;][\/vc_column_inner][\/vc_row_inner][\/vc_column][\/vc_row][vc_row type=&#8220;in_container&#8220; full_screen_row_position=&#8220;middle&#8220; equal_height=&#8220;yes&#8220; content_placement=&#8220;middle&#8220; scene_position=&#8220;center&#8220; text_color=&#8220;light&#8220; text_align=&#8220;left&#8220; top_padding=&#8220;5%&#8220; overlay_strength=&#8220;0.3&#8243; shape_divider_position=&#8220;bottom&#8220; shape_type=&#8220;&#8220;][vc_column enable_animation=&#8220;true&#8220; animation=&#8220;fade-in-from-bottom&#8220; column_padding=&#8220;no-extra-padding&#8220; column_padding_position=&#8220;all&#8220; background_color_opacity=&#8220;1&#8243; background_hover_color_opacity=&#8220;1&#8243; column_link_target=&#8220;_self&#8220; column_shadow=&#8220;none&#8220; column_border_radius=&#8220;none&#8220; width=&#8220;7\/12&#8243; tablet_width_inherit=&#8220;default&#8220; tablet_text_alignment=&#8220;default&#8220; phone_text_alignment=&#8220;default&#8220; column_border_width=&#8220;none&#8220; column_border_style=&#8220;solid&#8220; column_link=&#8220;\/gashaarden\/fronthaarden\/&#8220;][vc_row_inner column_margin=&#8220;default&#8220; text_align=&#8220;left&#8220;][vc_column_inner background_image=&#8220;69&#8243; enable_bg_scale=&#8220;true&#8220; column_padding=&#8220;no-extra-padding&#8220; column_padding_position=&#8220;bottom-left&#8220; background_color_opacity=&#8220;1&#8243; background_color_hover=&#8220;#000000&#8243; background_hover_color_opacity=&#8220;0.3&#8243; column_shadow=&#8220;none&#8220; column_border_radius=&#8220;none&#8220; column_link_target=&#8220;_self&#8220; width=&#8220;1\/1&#8243; tablet_width_inherit=&#8220;default&#8220; column_border_width=&#8220;none&#8220; column_border_style=&#8220;solid&#8220; column_link=&#8220;\/de\/gaskamine\/frontalkamine\/&#8220;][divider line_type=&#8220;No Line&#8220; custom_height=&#8220;674&#8243;][vc_column_text css=&#8220;.vc_custom_1534426846569{padding-bottom: 20px !important;padding-left: 20px !important;}&#8220;]\n<div style=\"font-weight: 200; font-size: 32px; color: #fff;\">Frontalkamine<\/div>\n[\/vc_column_text][\/vc_column_inner][\/vc_row_inner][\/vc_column][vc_column column_padding=&#8220;no-extra-padding&#8220; column_padding_position=&#8220;all&#8220; background_color_opacity=&#8220;1&#8243; background_hover_color_opacity=&#8220;1&#8243; column_link_target=&#8220;_self&#8220; column_shadow=&#8220;none&#8220; column_border_radius=&#8220;none&#8220; width=&#8220;5\/12&#8243; tablet_width_inherit=&#8220;default&#8220; tablet_text_alignment=&#8220;default&#8220; phone_text_alignment=&#8220;default&#8220; column_border_width=&#8220;none&#8220; column_border_style=&#8220;solid&#8220;][vc_row_inner column_margin=&#8220;default&#8220; text_align=&#8220;left&#8220;][vc_column_inner enable_animation=&#8220;true&#8220; animation=&#8220;fade-in-from-bottom&#8220; background_image=&#8220;71&#8243; enable_bg_scale=&#8220;true&#8220; column_padding=&#8220;no-extra-padding&#8220; column_padding_position=&#8220;all&#8220; background_color_opacity=&#8220;1&#8243; background_color_hover=&#8220;#000000&#8243; background_hover_color_opacity=&#8220;0.3&#8243; column_shadow=&#8220;none&#8220; column_border_radius=&#8220;none&#8220; column_link_target=&#8220;_self&#8220; width=&#8220;1\/1&#8243; tablet_width_inherit=&#8220;default&#8220; column_border_width=&#8220;none&#8220; column_border_style=&#8220;solid&#8220; column_link=&#8220;\/de\/gaskamine\/eckkamine\/&#8220; delay=&#8220;150&#8243;][divider line_type=&#8220;No Line&#8220; custom_height=&#8220;300&#8243;][vc_column_text css=&#8220;.vc_custom_1534426868577{padding-bottom: 20px !important;padding-left: 20px !important;}&#8220;]\n<div style=\"font-weight: 200; font-size: 32px; color: #fff;\">Eckkamine<\/div>\n[\/vc_column_text][\/vc_column_inner][\/vc_row_inner][vc_row_inner column_margin=&#8220;default&#8220; text_align=&#8220;left&#8220;][vc_column_inner enable_animation=&#8220;true&#8220; animation=&#8220;fade-in-from-bottom&#8220; background_image=&#8220;127&#8243; enable_bg_scale=&#8220;true&#8220; column_padding=&#8220;no-extra-padding&#8220; column_padding_position=&#8220;all&#8220; background_color_opacity=&#8220;1&#8243; background_color_hover=&#8220;#000000&#8243; background_hover_color_opacity=&#8220;0.3&#8243; column_shadow=&#8220;none&#8220; column_border_radius=&#8220;none&#8220; column_link_target=&#8220;_self&#8220; width=&#8220;1\/1&#8243; tablet_width_inherit=&#8220;default&#8220; column_border_width=&#8220;none&#8220; column_border_style=&#8220;solid&#8220; column_link=&#8220;\/de\/gaskamine\/panoramakamine\/&#8220; delay=&#8220;150&#8243;][divider line_type=&#8220;No Line&#8220; custom_height=&#8220;300&#8243;][vc_column_text css=&#8220;.vc_custom_1534428444264{padding-bottom: 20px !important;padding-left: 20px !important;}&#8220;]\n<div style=\"font-weight: 200; font-size: 32px; color: #fff;\">Panoramakamine<\/div>\n[\/vc_column_text][\/vc_column_inner][\/vc_row_inner][\/vc_column][\/vc_row][vc_row type=&#8220;in_container&#8220; full_screen_row_position=&#8220;middle&#8220; equal_height=&#8220;yes&#8220; content_placement=&#8220;middle&#8220; scene_position=&#8220;center&#8220; text_color=&#8220;light&#8220; text_align=&#8220;left&#8220; bottom_padding=&#8220;3%&#8220; overlay_strength=&#8220;0.3&#8243; shape_divider_position=&#8220;bottom&#8220; shape_type=&#8220;&#8220;][vc_column enable_animation=&#8220;true&#8220; animation=&#8220;fade-in-from-bottom&#8220; column_padding=&#8220;no-extra-padding&#8220; column_padding_position=&#8220;bottom-left&#8220; background_color_opacity=&#8220;1&#8243; background_color_hover=&#8220;#000000&#8243; background_hover_color_opacity=&#8220;0.3&#8243; background_image=&#8220;75&#8243; enable_bg_scale=&#8220;true&#8220; column_link_target=&#8220;_self&#8220; column_shadow=&#8220;none&#8220; column_border_radius=&#8220;none&#8220; width=&#8220;1\/3&#8243; tablet_width_inherit=&#8220;default&#8220; tablet_text_alignment=&#8220;default&#8220; phone_text_alignment=&#8220;default&#8220; column_border_width=&#8220;none&#8220; column_border_style=&#8220;solid&#8220; column_link=&#8220;\/de\/gaskamine\/raumteilerkamine\/&#8220;][divider line_type=&#8220;No Line&#8220; custom_height=&#8220;300&#8243;][vc_column_text css=&#8220;.vc_custom_1534426763575{padding-bottom: 20px !important;padding-left: 20px !important;}&#8220;]\n<div style=\"font-weight: 200; font-size: 32px; color: #fff;\">Raumteiler<\/div>\n[\/vc_column_text][\/vc_column][vc_column enable_animation=&#8220;true&#8220; animation=&#8220;fade-in-from-bottom&#8220; column_padding=&#8220;no-extra-padding&#8220; column_padding_position=&#8220;bottom-left&#8220; background_color_opacity=&#8220;1&#8243; background_color_hover=&#8220;#000000&#8243; background_hover_color_opacity=&#8220;0.3&#8243; background_image=&#8220;79&#8243; enable_bg_scale=&#8220;true&#8220; column_link_target=&#8220;_self&#8220; column_shadow=&#8220;none&#8220; column_border_radius=&#8220;none&#8220; width=&#8220;1\/3&#8243; tablet_width_inherit=&#8220;default&#8220; tablet_text_alignment=&#8220;default&#8220; phone_text_alignment=&#8220;default&#8220; column_border_width=&#8220;none&#8220; column_border_style=&#8220;solid&#8220; column_link=&#8220;\/de\/gaskamine\/tunnelkamine\/&#8220; delay=&#8220;200&#8243;][divider line_type=&#8220;No Line&#8220; custom_height=&#8220;300&#8243;][vc_column_text css=&#8220;.vc_custom_1557236462635{padding-right: 20px !important;padding-bottom: 20px !important;padding-left: 20px !important;}&#8220;]\n<div style=\"font-weight: 200; font-size: 32px; color: #fff;\">Tunnelkamine<\/div>\n[\/vc_column_text][\/vc_column][vc_column enable_animation=&#8220;true&#8220; animation=&#8220;fade-in-from-bottom&#8220; column_padding=&#8220;no-extra-padding&#8220; column_padding_position=&#8220;top-bottom&#8220; background_color=&#8220;#000000&#8243; background_color_opacity=&#8220;0.2&#8243; background_color_hover=&#8220;#0a0a0a&#8220; background_hover_color_opacity=&#8220;0.5&#8243; background_image=&#8220;818&#8243; enable_bg_scale=&#8220;true&#8220; column_link_target=&#8220;_self&#8220; column_shadow=&#8220;none&#8220; column_border_radius=&#8220;none&#8220; width=&#8220;1\/3&#8243; tablet_width_inherit=&#8220;default&#8220; tablet_text_alignment=&#8220;default&#8220; phone_text_alignment=&#8220;default&#8220; column_border_width=&#8220;none&#8220; column_border_style=&#8220;solid&#8220; delay=&#8220;400&#8243; column_link=&#8220;\/de\/gaskamine\/frei-stehende-kamine\/&#8220;][divider line_type=&#8220;No Line&#8220; custom_height=&#8220;300&#8243;][vc_column_text css=&#8220;.vc_custom_1557236447807{padding-right: 20px !important;padding-bottom: 20px !important;padding-left: 20px !important;}&#8220;]\n<div style=\"font-weight: 200; font-size: 32px; color: #fff;\">Frei stehende Kamine<\/div>\n[\/vc_column_text][\/vc_column][\/vc_row][vc_row type=&#8220;in_container&#8220; full_screen_row_position=&#8220;middle&#8220; scene_position=&#8220;center&#8220; text_color=&#8220;dark&#8220; text_align=&#8220;left&#8220; bottom_padding=&#8220;5%&#8220; overlay_strength=&#8220;0.3&#8243; shape_divider_position=&#8220;bottom&#8220; shape_type=&#8220;&#8220;][vc_column column_padding=&#8220;no-extra-padding&#8220; column_padding_position=&#8220;all&#8220; background_color_opacity=&#8220;1&#8243; background_hover_color_opacity=&#8220;1&#8243; column_link_target=&#8220;_self&#8220; column_shadow=&#8220;none&#8220; column_border_radius=&#8220;none&#8220; width=&#8220;1\/1&#8243; tablet_width_inherit=&#8220;default&#8220; tablet_text_alignment=&#8220;default&#8220; phone_text_alignment=&#8220;default&#8220; column_border_width=&#8220;none&#8220; column_border_style=&#8220;solid&#8220;][nectar_btn size=&#8220;large&#8220; button_style=&#8220;regular&#8220; button_color_2=&#8220;Accent-Color&#8220; icon_family=&#8220;default_arrow&#8220; url=&#8220;\/de\/gaskamine\/alle-gaskamine\/&#8220; text=&#8220;Alle Kamine anzeigen&#8220;][\/vc_column][\/vc_row]\n","protected":false},"excerpt":{"rendered":"<p>[vc_row type=&#8220;full_width_background&#8220; full_screen_row_position=&#8220;middle&#8220; equal_height=&#8220;yes&#8220; bg_color=&#8220;#222222&#8243; scene_position=&#8220;center&#8220; text_color=&#8220;light&#8220; text_align=&#8220;left&#8220; overlay_strength=&#8220;0.3&#8243; shape_divider_position=&#8220;bottom&#8220; shape_type=&#8220;&#8220;][vc_column column_padding=&#8220;no-extra-padding&#8220; column_padding_position=&#8220;all&#8220; background_color_opacity=&#8220;1&#8243; background_hover_color_opacity=&#8220;1&#8243; column_link_target=&#8220;_self&#8220; column_shadow=&#8220;none&#8220; column_border_radius=&#8220;none&#8220; bottom_margin=&#8220;5%&#8220; width=&#8220;1\/1&#8243; tablet_width_inherit=&#8220;default&#8220; tablet_text_alignment=&#8220;default&#8220; phone_text_alignment=&#8220;default&#8220; column_border_width=&#8220;none&#8220; column_border_style=&#8220;solid&#8220;][vc_row_inner equal_height=&#8220;yes&#8220; content_placement=&#8220;middle&#8220; column_margin=&#8220;none&#8220; text_align=&#8220;left&#8220;][vc_column_inner column_padding=&#8220;no-extra-padding&#8220;&#8230;<\/p>\n","protected":false},"author":1,"featured_media":0,"parent":0,"menu_order":565,"comment_status":"closed","ping_status":"closed","template":"","meta":{"inline_featured_image":false,"footnotes":""},"class_list":["post-8006","page","type-page","status-publish"],"yoast_head":"<!-- This site is optimized with the Yoast SEO plugin v27.0 - https:\/\/yoast.com\/product\/yoast-seo-wordpress\/ -->\n<title>Gaskamine - Trimline Fires | Unsere Leidenschaft, Ihr Komfort<\/title>\n<meta name=\"description\" content=\"Gaskamine von Trimline Fires. 6 Typen, 36 Modelle. W\u00e4hlen Sie Ihren Favoriten. Customizing vom Feinsten und so, wie Sie es sich w\u00fcnschen. Laden Sie die Brosch\u00fcre herunter.\" \/>\n<meta name=\"robots\" content=\"index, follow, max-snippet:-1, max-image-preview:large, max-video-preview:-1\" \/>\n<link rel=\"canonical\" href=\"https:\/\/www.trimlinefires.com\/de\/gaskamine\/\" \/>\n<meta property=\"og:locale\" content=\"de_DE\" \/>\n<meta property=\"og:type\" content=\"article\" \/>\n<meta property=\"og:title\" content=\"Gaskamine - Trimline Fires | Unsere Leidenschaft, Ihr Komfort\" \/>\n<meta property=\"og:description\" content=\"Gaskamine von Trimline Fires. 6 Typen, 36 Modelle. W\u00e4hlen Sie Ihren Favoriten. Customizing vom Feinsten und so, wie Sie es sich w\u00fcnschen. Laden Sie die Brosch\u00fcre herunter.\" \/>\n<meta property=\"og:url\" content=\"https:\/\/www.trimlinefires.com\/de\/gaskamine\/\" \/>\n<meta property=\"og:site_name\" content=\"Trimline Fires\" \/>\n<meta property=\"article:modified_time\" content=\"2020-02-19T09:00:30+00:00\" \/>\n<meta name=\"twitter:card\" content=\"summary_large_image\" \/>\n<meta name=\"twitter:label1\" content=\"Gesch\u00e4tzte Lesezeit\" \/>\n\t<meta name=\"twitter:data1\" content=\"6\u00a0Minuten\" \/>\n<script type=\"application\/ld+json\" class=\"yoast-schema-graph\">{\"@context\":\"https:\/\/schema.org\",\"@graph\":[{\"@type\":\"WebPage\",\"@id\":\"https:\/\/www.trimlinefires.com\/de\/gaskamine\/\",\"url\":\"https:\/\/www.trimlinefires.com\/de\/gaskamine\/\",\"name\":\"Gaskamine - Trimline Fires | Unsere Leidenschaft, Ihr Komfort\",\"isPartOf\":{\"@id\":\"https:\/\/www.trimlinefires.com\/de\/#website\"},\"datePublished\":\"2020-02-18T10:59:01+00:00\",\"dateModified\":\"2020-02-19T09:00:30+00:00\",\"description\":\"Gaskamine von Trimline Fires. 6 Typen, 36 Modelle. W\u00e4hlen Sie Ihren Favoriten. Customizing vom Feinsten und so, wie Sie es sich w\u00fcnschen. Laden Sie die Brosch\u00fcre herunter.\",\"breadcrumb\":{\"@id\":\"https:\/\/www.trimlinefires.com\/de\/gaskamine\/#breadcrumb\"},\"inLanguage\":\"de\",\"potentialAction\":[{\"@type\":\"ReadAction\",\"target\":[\"https:\/\/www.trimlinefires.com\/de\/gaskamine\/\"]}]},{\"@type\":\"BreadcrumbList\",\"@id\":\"https:\/\/www.trimlinefires.com\/de\/gaskamine\/#breadcrumb\",\"itemListElement\":[{\"@type\":\"ListItem\",\"position\":1,\"name\":\"Home\",\"item\":\"https:\/\/www.trimlinefires.com\/de\/\"},{\"@type\":\"ListItem\",\"position\":2,\"name\":\"Gaskamine\"}]},{\"@type\":\"WebSite\",\"@id\":\"https:\/\/www.trimlinefires.com\/de\/#website\",\"url\":\"https:\/\/www.trimlinefires.com\/de\/\",\"name\":\"Trimline Fires\",\"description\":\"Fire by Trimline\",\"publisher\":{\"@id\":\"https:\/\/www.trimlinefires.com\/de\/#organization\"},\"potentialAction\":[{\"@type\":\"SearchAction\",\"target\":{\"@type\":\"EntryPoint\",\"urlTemplate\":\"https:\/\/www.trimlinefires.com\/de\/?s={search_term_string}\"},\"query-input\":{\"@type\":\"PropertyValueSpecification\",\"valueRequired\":true,\"valueName\":\"search_term_string\"}}],\"inLanguage\":\"de\"},{\"@type\":\"Organization\",\"@id\":\"https:\/\/www.trimlinefires.com\/de\/#organization\",\"name\":\"Trimline Fires\",\"url\":\"https:\/\/www.trimlinefires.com\/de\/\",\"logo\":{\"@type\":\"ImageObject\",\"inLanguage\":\"de\",\"@id\":\"https:\/\/www.trimlinefires.com\/de\/#\/schema\/logo\/image\/\",\"url\":\"https:\/\/www.trimlinefires.com\/app\/uploads\/2020\/01\/trimline-logo-black.png\",\"contentUrl\":\"https:\/\/www.trimlinefires.com\/app\/uploads\/2020\/01\/trimline-logo-black.png\",\"width\":200,\"height\":108,\"caption\":\"Trimline Fires\"},\"image\":{\"@id\":\"https:\/\/www.trimlinefires.com\/de\/#\/schema\/logo\/image\/\"}}]}<\/script>\n<!-- \/ Yoast SEO plugin. -->","yoast_head_json":{"title":"Gaskamine - Trimline Fires | Unsere Leidenschaft, Ihr Komfort","description":"Gaskamine von Trimline Fires. 6 Typen, 36 Modelle. W\u00e4hlen Sie Ihren Favoriten. Customizing vom Feinsten und so, wie Sie es sich w\u00fcnschen. Laden Sie die Brosch\u00fcre herunter.","robots":{"index":"index","follow":"follow","max-snippet":"max-snippet:-1","max-image-preview":"max-image-preview:large","max-video-preview":"max-video-preview:-1"},"canonical":"https:\/\/www.trimlinefires.com\/de\/gaskamine\/","og_locale":"de_DE","og_type":"article","og_title":"Gaskamine - Trimline Fires | Unsere Leidenschaft, Ihr Komfort","og_description":"Gaskamine von Trimline Fires. 6 Typen, 36 Modelle. W\u00e4hlen Sie Ihren Favoriten. Customizing vom Feinsten und so, wie Sie es sich w\u00fcnschen. Laden Sie die Brosch\u00fcre herunter.","og_url":"https:\/\/www.trimlinefires.com\/de\/gaskamine\/","og_site_name":"Trimline Fires","article_modified_time":"2020-02-19T09:00:30+00:00","twitter_card":"summary_large_image","twitter_misc":{"Gesch\u00e4tzte Lesezeit":"6\u00a0Minuten"},"schema":{"@context":"https:\/\/schema.org","@graph":[{"@type":"WebPage","@id":"https:\/\/www.trimlinefires.com\/de\/gaskamine\/","url":"https:\/\/www.trimlinefires.com\/de\/gaskamine\/","name":"Gaskamine - Trimline Fires | Unsere Leidenschaft, Ihr Komfort","isPartOf":{"@id":"https:\/\/www.trimlinefires.com\/de\/#website"},"datePublished":"2020-02-18T10:59:01+00:00","dateModified":"2020-02-19T09:00:30+00:00","description":"Gaskamine von Trimline Fires. 6 Typen, 36 Modelle. W\u00e4hlen Sie Ihren Favoriten. Customizing vom Feinsten und so, wie Sie es sich w\u00fcnschen. Laden Sie die Brosch\u00fcre herunter.","breadcrumb":{"@id":"https:\/\/www.trimlinefires.com\/de\/gaskamine\/#breadcrumb"},"inLanguage":"de","potentialAction":[{"@type":"ReadAction","target":["https:\/\/www.trimlinefires.com\/de\/gaskamine\/"]}]},{"@type":"BreadcrumbList","@id":"https:\/\/www.trimlinefires.com\/de\/gaskamine\/#breadcrumb","itemListElement":[{"@type":"ListItem","position":1,"name":"Home","item":"https:\/\/www.trimlinefires.com\/de\/"},{"@type":"ListItem","position":2,"name":"Gaskamine"}]},{"@type":"WebSite","@id":"https:\/\/www.trimlinefires.com\/de\/#website","url":"https:\/\/www.trimlinefires.com\/de\/","name":"Trimline Fires","description":"Fire by Trimline","publisher":{"@id":"https:\/\/www.trimlinefires.com\/de\/#organization"},"potentialAction":[{"@type":"SearchAction","target":{"@type":"EntryPoint","urlTemplate":"https:\/\/www.trimlinefires.com\/de\/?s={search_term_string}"},"query-input":{"@type":"PropertyValueSpecification","valueRequired":true,"valueName":"search_term_string"}}],"inLanguage":"de"},{"@type":"Organization","@id":"https:\/\/www.trimlinefires.com\/de\/#organization","name":"Trimline Fires","url":"https:\/\/www.trimlinefires.com\/de\/","logo":{"@type":"ImageObject","inLanguage":"de","@id":"https:\/\/www.trimlinefires.com\/de\/#\/schema\/logo\/image\/","url":"https:\/\/www.trimlinefires.com\/app\/uploads\/2020\/01\/trimline-logo-black.png","contentUrl":"https:\/\/www.trimlinefires.com\/app\/uploads\/2020\/01\/trimline-logo-black.png","width":200,"height":108,"caption":"Trimline Fires"},"image":{"@id":"https:\/\/www.trimlinefires.com\/de\/#\/schema\/logo\/image\/"}}]}},"_links":{"self":[{"href":"https:\/\/www.trimlinefires.com\/de\/wp-json\/wp\/v2\/pages\/8006","targetHints":{"allow":["GET"]}}],"collection":[{"href":"https:\/\/www.trimlinefires.com\/de\/wp-json\/wp\/v2\/pages"}],"about":[{"href":"https:\/\/www.trimlinefires.com\/de\/wp-json\/wp\/v2\/types\/page"}],"author":[{"embeddable":true,"href":"https:\/\/www.trimlinefires.com\/de\/wp-json\/wp\/v2\/users\/1"}],"replies":[{"embeddable":true,"href":"https:\/\/www.trimlinefires.com\/de\/wp-json\/wp\/v2\/comments?post=8006"}],"version-history":[{"count":0,"href":"https:\/\/www.trimlinefires.com\/de\/wp-json\/wp\/v2\/pages\/8006\/revisions"}],"wp:attachment":[{"href":"https:\/\/www.trimlinefires.com\/de\/wp-json\/wp\/v2\/media?parent=8006"}],"curies":[{"name":"wp","href":"https:\/\/api.w.org\/{rel}","templated":true}]}}